{"id":919,"date":"2018-02-01T11:14:33","date_gmt":"2018-02-01T09:14:33","guid":{"rendered":"https:\/\/www.nerja-homes.com\/?page_id=919"},"modified":"2021-02-11T21:35:47","modified_gmt":"2021-02-11T19:35:47","slug":"sell-your-property-with-us","status":"publish","type":"page","link":"https:\/\/www.nerja-homes.com\/es\/sell-your-property-with-us\/","title":{"rendered":"Vende tu propiedad con nosotros"},"content":{"rendered":"<p style=\"text-align: justify;\">DREAM HOMES SPAIN se dedica a comercializar y vender propiedades de manera efectiva en todos los rangos de precios. Hacemos que la venta de propiedades sea lo m\u00e1s f\u00e1cil y asequible posible, ofreciendo diferentes opciones de venta para promover y brindarle la m\u00e1xima exposici\u00f3n de su propiedad, para finalmente encontrarlo como un comprador potencial. Pasaremos tiempo con usted para determinar sus necesidades y expectativas y le informaremos con frecuencia con actualizaciones y resultados. Su casa es un activo valioso y adquirirla o venderla en un mercado competitivo puede ser un negocio complicado.<\/p>\n<h3>\u00bfEST\u00c1S BUSCANDO UN AGENTE INMOBILIARIO LOCAL QUE:<\/h3>\n<section class=\"section-detail-content default-page\">\n<div class=\"container\">\n<div class=\"row\">\n<div class=\"col-lg-8 col-md-8 col-sm-12 col-xs-12 container-contentbar\">\n<div class=\"page-main\">\n<div class=\"article-detail\">\n<article id=\"post-4300\" class=\"post-4300 page type-page status-publish hentry sell-your-property\">\n<div class=\"entry-content\">\n<ul>\n<li>\u00bfEntiende el mercado inmobiliario y efectivamente est\u00e1 comercializando y vendiendo su propiedad?<\/li>\n<li>Abre los 7 d\u00edas de la semana, para que los compradores puedan realizar consultas y enviar ofertas en cualquier momento.<\/li>\n<li>\u00bfEst\u00e1 buscando vender su casa en el menor tiempo posible, mientras maximiza sus ganancias?<\/li>\n<\/ul>\n<h3>\u00bfQu\u00e9 casas de ensue\u00f1o Espa\u00f1a har\u00e1 por usted?<\/h3>\n<p>Cuando venda su casa con nosotros, as\u00ed es como le ayudaremos:<\/p>\n<ul>\n<li>\u00a0Realice un perfil completo de la propiedad de su casa, que incluya el estado actual, la ubicaci\u00f3n, el entorno y las caracter\u00edsticas especiales.<\/li>\n<li>\u00a0Haga un an\u00e1lisis de mercado comparativo que le muestre para qu\u00e9 se han vendido las casas en su \u00e1rea en los \u00faltimos meses<\/li>\n<li>\u00a0Acuerde con usted un precio para su hogar, con el objetivo de venderlo r\u00e1pidamente mientras maximiza sus ganancias<\/li>\n<li>\u00a0Comercialice su hogar a trav\u00e9s de Internet, publicidad en peri\u00f3dicos, use blogs, canales de redes sociales y varios otros sitios web.<\/li>\n<li>\u00a0Ayuda a negociar con el comprador para obtener el mejor precio de venta.<\/li>\n<li>\u00a0Ayudarle a asegurar la asistencia de otros profesionales que necesitar\u00e1 durante el proceso de ventas.<\/li>\n<li>\u00a0Aseg\u00farese de que todo el papeleo requerido est\u00e9 completo y actualizado<\/li>\n<li>\u00a0Ayudarte a obtener un Certificado de Eficiencia Energ\u00e9tica<\/li>\n<li>\u00a0Re\u00fanase en el Notario para firmar oficialmente la venta de su propiedad.<\/li>\n<\/ul>\n<p><strong>Estamos abiertos 24\/7, tambi\u00e9n los domingos.<\/strong><\/p>\n<p>La mayor\u00eda de los compradores navegan en l\u00ednea por la noche y buscan ver propiedades los fines de semana. \u00a1La mayor\u00eda de los agentes inmobiliarios est\u00e1n cerrados! Con Andalucia Homes no tiene que preocuparse por perder una consulta u oferta.<\/p>\n<h3 class=\"post-title\">PERICIA<\/h3>\n<p class=\"post-title\" style=\"text-align: justify;\">Tenemos m\u00e1s de 25 a\u00f1os de experiencia y un profundo conocimiento del mercado inmobiliario de hoy en d\u00eda. Nuestra presencia web global le dar\u00e1 a su propiedad la exposici\u00f3n para atraer al comprador perfecto para su hogar. Dream Homes Spain cuenta con una cartera de servicios inmobiliarios dise\u00f1ados para ayudarlo en cada fase de su transacci\u00f3n inmobiliaria.<\/p>\n<h3 class=\"post-title\">CONOCIMIENTO<\/h3>\n<p class=\"post-title\" style=\"text-align: justify;\">El mercado local actual exige una representaci\u00f3n sofisticada. Estamos respaldados por tecnolog\u00eda de vanguardia y gesti\u00f3n din\u00e1mica para proporcionar resultados m\u00e1ximos adaptados a sus necesidades personales.<\/p>\n<p class=\"post-title\"><strong>FIABILIDAD<\/strong><\/p>\n<p class=\"post-title\" style=\"text-align: justify;\">Si est\u00e1 interesado en los sistemas de evaluaci\u00f3n, comercializaci\u00f3n y publicidad m\u00e1s efectivos actualmente disponibles en el mercado inmobiliario, no busque m\u00e1s. En DREAM HOMES SPAIN encontrar\u00e1s profesionales altamente capacitados, totalmente comprometidos con los m\u00e1s altos est\u00e1ndares.<\/p>\n<h3 class=\"post-title\">EXPOSICI\u00d3N<\/h3>\n<p class=\"post-title\" style=\"text-align: justify;\">Para lograr una exposici\u00f3n local, recomendaremos oportunidades que funcionen mejor para usted, incluida la publicidad local y global en medios impresos y portales web, nuestros propios sitios web y nuestro sistema de correo directo.<\/p>\n<h3 class=\"post-title\">RECURSOS<\/h3>\n<p class=\"post-title\" style=\"text-align: justify;\">Con nuestra experiencia insuperable, conocimiento tecnol\u00f3gico y trabajo en equipo, DREAM HOMES SPAIN le ofrece una gran cantidad de recursos a su alcance.<\/p>\n<h3>AVISO SOBRE PRECIOS AL VENDER SU PROPIEDAD<\/h3>\n<p class=\"post-title\" style=\"text-align: justify;\">Siempre considerar precios con alg\u00fan grado de negociaci\u00f3n. A su solicitud, visitaremos su propiedad para realizar una evaluaci\u00f3n de valoraci\u00f3n exhaustiva, para tomar fotograf\u00edas, lo que nos brinda la informaci\u00f3n que necesitamos para incluir su hogar en nuestra base de datos y anunciar su vivienda en el lugar correcto. Nuestro trabajo es asegurarnos de que el comprador de la propiedad tenga acceso inmediato a los detalles de su propiedad.<\/p>\n<hr \/>\n<h3 class=\"post-title\" style=\"text-align: left;\">Lo que dicen nuestros clientes ...<\/h3>\n<p class=\"post-title\"><div id=\"testimonial_rotator_wrap_1457\" class=\"testimonial_rotator_wrap\">\n\t<div id=\"testimonial_rotator_1457\" class=\"testimonial_rotator  cycletwo-slideshow format-rotator template-default hreview-aggregate\" data-cycletwo-timeout=\"3000\" data-cycletwo-speed=\"1000\" data-cycletwo-pause-on-hover=\"true\"  data-cycletwo-swipe=\"true\" data-cycletwo-fx=\"scrollVert\" data-cycletwo-auto-height=\"calc\" data-cycletwo-slides=\"> div.slide\" data-cycletwo-log=\"false\" >\n<div class=\"slide slide1 testimonial_rotator_slide hreview itemreviewed item has-image cf-tr\">\n<div class=\"testimonial_rotator_img img\"><img width=\"300\" height=\"200\" src=\"https:\/\/www.nerja-homes.com\/wp-content\/uploads\/2021\/02\/1photo-300x200.png\" class=\"attachment-medium size-medium wp-post-image\" alt=\"1photo\" decoding=\"async\" loading=\"lazy\" srcset=\"https:\/\/www.nerja-homes.com\/wp-content\/uploads\/2021\/02\/1photo-300x200.png 300w, https:\/\/www.nerja-homes.com\/wp-content\/uploads\/2021\/02\/1photo.png 315w\" sizes=\"(max-width: 300px) 100vw, 300px\" \/><\/div>\n<div class=\"text testimonial_rotator_description\">\n<h3 class=\"testimonial_rotator_slide_title\">Agente recomendado<\/h3>\n<div class=\"testimonial_rotator_stars cf-tr\">\n<span class=\"testimonial_rotator_star testimonial_rotator_star_1\"><i class=\"fa fa-star\"><\/i><\/span><span class=\"testimonial_rotator_star testimonial_rotator_star_2\"><i class=\"fa fa-star\"><\/i><\/span><span class=\"testimonial_rotator_star testimonial_rotator_star_3\"><i class=\"fa fa-star\"><\/i><\/span><span class=\"testimonial_rotator_star testimonial_rotator_star_4\"><i class=\"fa fa-star\"><\/i><\/span><span class=\"testimonial_rotator_star testimonial_rotator_star_5\"><i class=\"fa fa-star\"><\/i><\/span><\/div>\n<div class=\"testimonial_rotator_quote\">\nLorem ipsum dolor sit amet, consectetur adipiscing elit. Vivamus luctus urna sed urna ultricies ac tempor dui sagittis. In condimentum facilisis porta. Sed nec diam eu diam mattis viverra. Nulla fringilla, orci ac euismod semper, magna diam porttitor mauris, quis sollicitudin sapie<\/div>\n<div class=\"testimonial_rotator_author_info cf-tr\">\n<p>Gerlinde Holmer, Buyer, Germany<\/p>\n<\/div>\n<\/div>\n\t<div class=\"testimonial_rotator_microdata\">\n\t<div class=\"rating\">5<\/div>\n\t<div class=\"dtreviewed\"> 2021-02-11T21:03:36+02:00<\/div>\t<div class=\"reviewer\"> \t<div class=\"fn\"> <p>Gerlinde Holmer, Buyer, Germany<\/p>\n<\/div><img width=\"150\" height=\"150\" src=\"https:\/\/www.nerja-homes.com\/wp-content\/uploads\/2021\/02\/1photo-150x150.png\" class=\"photo wp-post-image\" alt=\"1photo\" decoding=\"async\" loading=\"lazy\" srcset=\"https:\/\/www.nerja-homes.com\/wp-content\/uploads\/2021\/02\/1photo-150x150.png 150w, https:\/\/www.nerja-homes.com\/wp-content\/uploads\/2021\/02\/1photo-100x100.png 100w\" sizes=\"(max-width: 150px) 100vw, 150px\" \/>\t<\/div>Lorem ipsum dolor sit amet, consectetur adipiscing elit. Vivamus luctus urna sed urna ultricies ac tempor dui sagittis. In condimentum facilisis porta. Sed nec diam eu diam mattis viverra. Nulla fringilla, orci ac euismod semper, magna diam porttitor mauris, quis sollicitudin sapie\t<div class=\"summary\"> <\/div>\t<div class=\"permalink\"> https:\/\/www.nerja-homes.com\/es\/testimonials\/highly-recommended-agent\/<\/div>\t<\/div><!-- .testimonial_rotator_microdata -->\n<\/div>\n<div class=\"slide slide2 testimonial_rotator_slide hreview itemreviewed item has-image cf-tr\">\n<div class=\"testimonial_rotator_img img\"><img width=\"187\" height=\"164\" src=\"https:\/\/www.nerja-homes.com\/wp-content\/uploads\/2021\/02\/4photo.png\" class=\"attachment-medium size-medium wp-post-image\" alt=\"4photo\" decoding=\"async\" loading=\"lazy\" \/><\/div>\n<div class=\"text testimonial_rotator_description\">\n<h3 class=\"testimonial_rotator_slide_title\">Tom Tomy<\/h3>\n<div class=\"testimonial_rotator_stars cf-tr\">\n<span class=\"testimonial_rotator_star testimonial_rotator_star_1\"><i class=\"fa fa-star\"><\/i><\/span><span class=\"testimonial_rotator_star testimonial_rotator_star_2\"><i class=\"fa fa-star\"><\/i><\/span><span class=\"testimonial_rotator_star testimonial_rotator_star_3\"><i class=\"fa fa-star\"><\/i><\/span><span class=\"testimonial_rotator_star testimonial_rotator_star_4\"><i class=\"fa fa-star\"><\/i><\/span><\/div>\n<div class=\"testimonial_rotator_quote\">\n<p style=\"text-align: justify;\">Lorem ipsum dolor sit amet, consectetur adipiscing elit. Vivamus luctus urna sed urna ultricies ac tempor dui sagittis. In condimentum facilisis porta. Sed nec diam eu diam mattis viverra. Nulla fringilla, orci ac euismod semper, magna diam porttitor mauris, quis sollicitudin sapien justo in libero<\/p><\/div>\n<div class=\"testimonial_rotator_author_info cf-tr\">\n<p>Buyer, London \/ UK<\/p>\n<\/div>\n<\/div>\n\t<div class=\"testimonial_rotator_microdata\">\n\t<div class=\"rating\">4<\/div>\n\t<div class=\"dtreviewed\"> 2021-02-11T21:26:37+02:00<\/div>\t<div class=\"reviewer\"> \t<div class=\"fn\"> <p>Buyer, London \/ UK<\/p>\n<\/div><img width=\"150\" height=\"150\" src=\"https:\/\/www.nerja-homes.com\/wp-content\/uploads\/2021\/02\/4photo-150x150.png\" class=\"photo wp-post-image\" alt=\"4photo\" decoding=\"async\" loading=\"lazy\" srcset=\"https:\/\/www.nerja-homes.com\/wp-content\/uploads\/2021\/02\/4photo-150x150.png 150w, https:\/\/www.nerja-homes.com\/wp-content\/uploads\/2021\/02\/4photo-100x100.png 100w\" sizes=\"(max-width: 150px) 100vw, 150px\" \/>\t<\/div>Lorem ipsum dolor sit amet, consectetur adipiscing elit. Vivamus luctus urna sed urna ultricies ac tempor dui sagittis. In condimentum facilisis porta. Sed nec diam eu diam mattis viverra. Nulla fringilla, orci ac euismod semper, magna diam porttitor mauris, quis sollicitudin sapien justo in libero\t<div class=\"summary\"> <\/div>\t<div class=\"permalink\"> https:\/\/www.nerja-homes.com\/es\/testimonials\/tom-tomy\/<\/div>\t<\/div><!-- .testimonial_rotator_microdata -->\n<\/div>\n<div class=\"slide slide3 testimonial_rotator_slide hreview itemreviewed item has-image cf-tr\">\n<div class=\"testimonial_rotator_img img\"><img width=\"300\" height=\"233\" src=\"https:\/\/www.nerja-homes.com\/wp-content\/uploads\/2021\/02\/3photo-300x233.png\" class=\"attachment-medium size-medium wp-post-image\" alt=\"3photo\" decoding=\"async\" loading=\"lazy\" srcset=\"https:\/\/www.nerja-homes.com\/wp-content\/uploads\/2021\/02\/3photo-300x233.png 300w, https:\/\/www.nerja-homes.com\/wp-content\/uploads\/2021\/02\/3photo.png 431w\" sizes=\"(max-width: 300px) 100vw, 300px\" \/><\/div>\n<div class=\"text testimonial_rotator_description\">\n<h3 class=\"testimonial_rotator_slide_title\">Muy servicial y amigable<\/h3>\n<div class=\"testimonial_rotator_stars cf-tr\">\n<span class=\"testimonial_rotator_star testimonial_rotator_star_1\"><i class=\"fa fa-star\"><\/i><\/span><span class=\"testimonial_rotator_star testimonial_rotator_star_2\"><i class=\"fa fa-star\"><\/i><\/span><span class=\"testimonial_rotator_star testimonial_rotator_star_3\"><i class=\"fa fa-star\"><\/i><\/span><span class=\"testimonial_rotator_star testimonial_rotator_star_4\"><i class=\"fa fa-star\"><\/i><\/span><\/div>\n<div class=\"testimonial_rotator_quote\">\n<p style=\"text-align: justify;\">Lorem ipsum dolor sit amet, consectetur adipiscing elit. Vivamus luctus urna sed urna ultricies ac tempor dui sagittis. In condimentum facilisis porta. Sed nec diam eu diam mattis viverra. Nulla fringilla, orci ac euismod semper, magna diam porttitor mauris, quis sollicitudin sapien justo in libero. Vestibulum mollis ma<\/p><\/div>\n<div class=\"testimonial_rotator_author_info cf-tr\">\n<p>Nicola Brenda, Buyer \/ Belgium<\/p>\n<\/div>\n<\/div>\n\t<div class=\"testimonial_rotator_microdata\">\n\t<div class=\"rating\">4<\/div>\n\t<div class=\"dtreviewed\"> 2021-02-11T21:30:27+02:00<\/div>\t<div class=\"reviewer\"> \t<div class=\"fn\"> <p>Nicola Brenda, Buyer \/ Belgium<\/p>\n<\/div><img width=\"150\" height=\"150\" src=\"https:\/\/www.nerja-homes.com\/wp-content\/uploads\/2021\/02\/3photo-150x150.png\" class=\"photo wp-post-image\" alt=\"3photo\" decoding=\"async\" loading=\"lazy\" srcset=\"https:\/\/www.nerja-homes.com\/wp-content\/uploads\/2021\/02\/3photo-150x150.png 150w, https:\/\/www.nerja-homes.com\/wp-content\/uploads\/2021\/02\/3photo-100x100.png 100w\" sizes=\"(max-width: 150px) 100vw, 150px\" \/>\t<\/div>Lorem ipsum dolor sit amet, consectetur adipiscing elit. Vivamus luctus urna sed urna ultricies ac tempor dui sagittis. In condimentum facilisis porta. Sed nec diam eu diam mattis viverra. Nulla fringilla, orci ac euismod semper, magna diam porttitor mauris, quis sollicitudin sapien justo in libero. Vestibulum mollis ma\t<div class=\"summary\"> <\/div>\t<div class=\"permalink\"> https:\/\/www.nerja-homes.com\/es\/testimonials\/very-helpful-and-friendly\/<\/div>\t<\/div><!-- .testimonial_rotator_microdata -->\n<\/div>\n<div class=\"testimonial_rotator_microdata\">\n\t<div class=\"rating\">4.3<\/div>\n\t<div class=\"count\">3<\/div>\n\t<div class=\"item\"><div class=\"fn\"><\/div><\/div>\n<\/div>\n<\/div><!-- #testimonial_rotator_1457 -->\n<\/div><!-- .testimonial_rotator_wrap -->\n\n<\/p>\n<hr \/>\n<h3>P\u00d3NGASE EN CONTACTO CON NOSOTROS SI DESEA VENDER SU PROPIEDAD <\/h3>\n<div class=\"listing\">\n<p style=\"text-align: justify;\">Si est\u00e1 considerando vender una casa de campo, una villa, un apartamento, una casa o una parcela, nos interesar\u00eda saber de usted. Complete el formulario en l\u00ednea a continuaci\u00f3n y nos pondremos en contacto con usted lo antes posible para concertar una cita para ver su propiedad, tomar fotos o hacer un video y discutir con usted el precio de venta, las estrategias de marketing de su propiedad y m\u00e1s.<\/p>\n<div role=\"form\" class=\"wpcf7\" id=\"wpcf7-f1102-o1\" lang=\"en-US\" dir=\"ltr\">\n<div class=\"screen-reader-response\"><\/div>\n<form action=\"\/es\/wp-json\/wp\/v2\/pages\/919#wpcf7-f1102-o1\" method=\"post\" class=\"wpcf7-form wpcf7-acceptance-as-validation\" novalidate=\"novalidate\" data-trp-original-action=\"\/es\/wp-json\/wp\/v2\/pages\/919#wpcf7-f1102-o1\">\n<div style=\"display: none;\">\n<input type=\"hidden\" name=\"_wpcf7\" value=\"1102\" \/>\n<input type=\"hidden\" name=\"_wpcf7_version\" value=\"4.4.2\" \/>\n<input type=\"hidden\" name=\"_wpcf7_locale\" value=\"en_US\" \/>\n<input type=\"hidden\" name=\"_wpcf7_unit_tag\" value=\"wpcf7-f1102-o1\" \/>\n<input type=\"hidden\" name=\"_wpnonce\" value=\"413eec0642\" \/>\n<\/div>\n<div class=\"form_div\">\n<p class=\"form_label\">Su nombre<\/p>\n<p>    <span class=\"wpcf7-form-control-wrap your-name\"><input type=\"text\" name=\"your-name\" value=\"\" size=\"40\" class=\"wpcf7-form-control wpcf7-text wpcf7-validates-as-required form_name\" aria-required=\"true\" aria-invalid=\"false\" \/><\/span> <\/p>\n<p class=\"form_label\">Su correo electr\u00f3nico<\/p>\n<p>  <span class=\"wpcf7-form-control-wrap your-email\"><input type=\"email\" name=\"your-email\" value=\"\" size=\"40\" class=\"wpcf7-form-control wpcf7-text wpcf7-email wpcf7-validates-as-required wpcf7-validates-as-email form_email\" aria-required=\"true\" aria-invalid=\"false\" \/><\/span> <\/p>\n<p class=\"form_label\">Su n\u00famero de tel\u00e9fono<\/p>\n<p> <span class=\"wpcf7-form-control-wrap telephone\"><input type=\"tel\" name=\"telephone\" value=\"\" size=\"40\" class=\"wpcf7-form-control wpcf7-text wpcf7-tel wpcf7-validates-as-required wpcf7-validates-as-tel form_telephone\" aria-required=\"true\" aria-invalid=\"false\" \/><\/span> <\/p>\n<p class=\"form_label\">Seleccione el tipo de propiedad<\/p>\n<p>  <span class=\"wpcf7-form-control-wrap type\"><select name=\"type\" class=\"wpcf7-form-control wpcf7-select wpcf7-validates-as-required form_type\" aria-required=\"true\" aria-invalid=\"false\"><option value=\"\">---<\/option><option value=\"Apartment\">Apartamento<\/option><option value=\"Commercial\">Comercial<\/option><option value=\"Country House\">Casa de Campo<\/option><option value=\"Plot\">Parcela<\/option><option value=\"Town House\">Casa de Pueblo<\/option><option value=\"Villa\">Villa<\/option><\/select><\/span><\/p>\n<p class=\"form_label\">Seleccione el n\u00famero de dormitorios<\/p>\n<p>  <span class=\"wpcf7-form-control-wrap bedrooms\"><select name=\"bedrooms\" class=\"wpcf7-form-control wpcf7-select form_bedrooms\" aria-invalid=\"false\"><option value=\"\">---<\/option><option value=\"1\">1<\/option><option value=\"2\">2<\/option><option value=\"3\">3<\/option><option value=\"4\">4<\/option><option value=\"5\">5<\/option><option value=\"6\">6<\/option><\/select><\/span><\/p>\n<p class=\"form_label\">Seleccione el n\u00famero de ba\u00f1os<\/p>\n<p>  <span class=\"wpcf7-form-control-wrap bathrooms\"><select name=\"bathrooms\" class=\"wpcf7-form-control wpcf7-select form_bathrooms\" aria-invalid=\"false\"><option value=\"\">---<\/option><option value=\"1\">1<\/option><option value=\"2\">2<\/option><option value=\"3\">3<\/option><option value=\"4\">4<\/option><option value=\"5\">5<\/option><option value=\"6\">6<\/option><\/select><\/span><\/p>\n<p class=\"form_label\">Superficie de la propiedad<\/p>\n<p>  <span class=\"wpcf7-form-control-wrap property_size\"><input type=\"text\" name=\"property_size\" value=\"\" size=\"40\" class=\"wpcf7-form-control wpcf7-text form_pr_size\" aria-invalid=\"false\" \/><\/span> <\/p>\n<p class=\"form_label\">Superficie de la parcela<\/p>\n<p>  <span class=\"wpcf7-form-control-wrap plot_size\"><input type=\"text\" name=\"plot_size\" value=\"\" size=\"40\" class=\"wpcf7-form-control wpcf7-text form_pl_size\" aria-invalid=\"false\" \/><\/span> <\/p>\n<p class=\"form_label\">Piscina<\/p>\n<p> <span class=\"wpcf7-form-control-wrap pool\"><select name=\"pool\" class=\"wpcf7-form-control wpcf7-select form_pool\" aria-invalid=\"false\"><option value=\"\">---<\/option><option value=\"Yes\">S\u00ed<\/option><option value=\"No\">No<\/option><\/select><\/span> <\/p>\n<p class=\"form_label\">Certificado Energ\u00e9tico<\/p>\n<p> <span class=\"wpcf7-form-control-wrap ecertificate\"><select name=\"ecertificate\" class=\"wpcf7-form-control wpcf7-select form_certificate\" aria-invalid=\"false\"><option value=\"\">---<\/option><option value=\"Yes\">S\u00ed<\/option><option value=\"No\">No<\/option><\/select><\/span> <\/p>\n<p class=\"form_label\">Ubicaci\u00f3n<\/p>\n<p>  <span class=\"wpcf7-form-control-wrap location\"><select name=\"location\" class=\"wpcf7-form-control wpcf7-select wpcf7-validates-as-required form_location\" aria-required=\"true\" aria-invalid=\"false\"><option value=\"\">---<\/option><option value=\"Arenas\">Arenas<\/option><option value=\"Competa\">C\u00f3mpeta<\/option><option value=\"Fuengirola\">Fuengirola<\/option><option value=\"Malaga\">Malaga<\/option><option value=\"Marbella\">Marbella<\/option><option value=\"Nerja\">Nerja<\/option><option value=\"Rincon de la Victoria\">Rinc\u00f3n de la Victoria<\/option><option value=\"San Pedro de Alcantara\">San Pedro de Alcantara<\/option><option value=\"Torre del Mar\">Torre del mar<\/option><option value=\"Torrox Costa\">Torrox Costa<\/option><option value=\"Velez-Malaga\">V\u00e9lez-M\u00e1laga<\/option><\/select><\/span><\/p>\n<p class=\"form_label\">Precio de venta (\u20ac)<\/p>\n<p>  <span class=\"wpcf7-form-control-wrap price\"><input type=\"text\" name=\"price\" value=\"\" size=\"40\" class=\"wpcf7-form-control wpcf7-text wpcf7-validates-as-required form_price\" aria-required=\"true\" aria-invalid=\"false\" \/><\/span> <\/p>\n<p class=\"form_label\">Describa su propiedad y\/o agregue sus comentarios.<\/p>\n<p>    <span class=\"wpcf7-form-control-wrap describe_property\"><textarea name=\"describe_property\" cols=\"40\" rows=\"10\" class=\"wpcf7-form-control wpcf7-textarea wpcf7-validates-as-required\" aria-required=\"true\" aria-invalid=\"false\"><\/textarea><\/span> <\/p>\n<p><span class=\"wpcf7-form-control-wrap acceptance-324\"><input type=\"checkbox\" name=\"acceptance-324\" value=\"1\" class=\"wpcf7-form-control wpcf7-acceptance\" aria-invalid=\"false\" \/><\/span>  I agree to the <a href=\"https:\/\/www.nerja-homes.com\/es\/privacy-policy\/\">Pol\u00edtica de Privacidad<\/a> of this website<\/p>\n<div class=\"wpcf7-form-control-wrap\"><div data-sitekey=\"6Lcs1CIkAAAAACDXMS6X6AOyUlso3nvHmlVZMDkk\" class=\"wpcf7-form-control g-recaptcha wpcf7-recaptcha\"><\/div>\n<noscript>\n\t<div style=\"width: 302px; height: 422px;\">\n\t\t<div style=\"width: 302px; height: 422px; position: relative;\">\n\t\t\t<div style=\"width: 302px; height: 422px; position: absolute;\">\n\t\t\t\t<iframe src=\"https:\/\/www.google.com\/recaptcha\/api\/fallback?k=6Lcs1CIkAAAAACDXMS6X6AOyUlso3nvHmlVZMDkk\" frameborder=\"0\" scrolling=\"no\" style=\"width: 302px; height:422px; border-style: none;\">\n\t\t\t\t<\/iframe>\n\t\t\t<\/div>\n\t\t\t<div style=\"width: 300px; height: 60px; border-style: none; bottom: 12px; left: 25px; margin: 0px; padding: 0px; right: 25px; background: #f9f9f9; border: 1px solid #c1c1c1; border-radius: 3px;\">\n\t\t\t\t<textarea id=\"g-recaptcha-response\" name=\"g-recaptcha-response\" class=\"g-recaptcha-response\" style=\"width: 250px; height: 40px; border: 1px solid #c1c1c1; margin: 10px 25px; padding: 0px; resize: none;\">\n\t\t\t\t<\/textarea>\n\t\t\t<\/div>\n\t\t<\/div>\n\t<\/div>\n<\/noscript>\n<\/div>\n<p class=\"form_send\"><input type=\"submit\" value=\"ENVIAR\" class=\"wpcf7-form-control wpcf7-submit\" \/><\/p>\n<\/div>\n<div class=\"wpcf7-response-output wpcf7-display-none\"><\/div><input type=\"hidden\" name=\"trp-form-language\" value=\"es\"\/><\/form><\/div>\n<\/div>\n<\/div>\n<\/article>\n<\/div>\n<\/div>\n<\/div>\n<\/div>\n<\/div>\n<\/section>","protected":false},"excerpt":{"rendered":"<p>DREAM HOMES SPAIN\u00a0is dedicated to effectively marketing and selling properties in all price ranges. We&#8230;<\/p>","protected":false},"author":848,"featured_media":0,"parent":0,"menu_order":0,"comment_status":"closed","ping_status":"closed","template":"","meta":[],"_links":{"self":[{"href":"https:\/\/www.nerja-homes.com\/es\/wp-json\/wp\/v2\/pages\/919"}],"collection":[{"href":"https:\/\/www.nerja-homes.com\/es\/wp-json\/wp\/v2\/pages"}],"about":[{"href":"https:\/\/www.nerja-homes.com\/es\/wp-json\/wp\/v2\/types\/page"}],"author":[{"embeddable":true,"href":"https:\/\/www.nerja-homes.com\/es\/wp-json\/wp\/v2\/users\/848"}],"replies":[{"embeddable":true,"href":"https:\/\/www.nerja-homes.com\/es\/wp-json\/wp\/v2\/comments?post=919"}],"version-history":[{"count":2,"href":"https:\/\/www.nerja-homes.com\/es\/wp-json\/wp\/v2\/pages\/919\/revisions"}],"predecessor-version":[{"id":1472,"href":"https:\/\/www.nerja-homes.com\/es\/wp-json\/wp\/v2\/pages\/919\/revisions\/1472"}],"wp:attachment":[{"href":"https:\/\/www.nerja-homes.com\/es\/wp-json\/wp\/v2\/media?parent=919"}],"curies":[{"name":"wp","href":"https:\/\/api.w.org\/{rel}","templated":true}]}}