{"id":753,"date":"2016-08-22T11:56:18","date_gmt":"2016-08-22T09:56:18","guid":{"rendered":"http:\/\/www.myspanish-properties.com\/?page_id=753"},"modified":"2019-04-21T17:38:58","modified_gmt":"2019-04-21T15:38:58","slug":"inspection-visits","status":"publish","type":"page","link":"https:\/\/www.nerja-homes.com\/es\/inspection-visits\/","title":{"rendered":"Visitas de propiedades"},"content":{"rendered":"<p style=\"text-align: justify;\">Nuestras Visitas de inspecci\u00f3n de fin de semana de propiedad est\u00e1n hechas a medida, de forma individual \/ personal, para permitirle ver las propiedades, de acuerdo con sus requisitos espec\u00edficos. Esta visita de inspecci\u00f3n es para aquellos que tienen un estilo de vida ocupado y no tienen tiempo para visitar Espa\u00f1a durante la semana, y no quieren la molestia de buscar alojamiento y alquilar un autom\u00f3vil. A medida que vivimos y trabajamos en el \u00e1rea y hemos estado en el negocio inmobiliario por m\u00e1s de 25 a\u00f1os, sabemos lo que nuestros clientes est\u00e1n buscando. Nuestro paquete de inspecci\u00f3n de propiedades est\u00e1 disponible los fines de semana e incluye:<\/p>\n<ul>\n<li>Recogida en el aeropuerto de M\u00e1laga en taxi<\/li>\n<li>Llevarte a tu apartamento<\/li>\n<li>Visitando las propiedades que hemos acordado antes de su llegada<\/li>\n<li>Atenci\u00f3n personalizada uno-a-uno<\/li>\n<li>Asesoramiento legal y financiero gratuito<\/li>\n<li>Vuelva a visitar las propiedades de su elecci\u00f3n<\/li>\n<li>Discusi\u00f3n de asuntos legales y financieros<\/li>\n<li>Traslado de regreso en Taxi al aeropuerto de M\u00e1laga<\/li>\n<\/ul>\n<p style=\"text-align: justify;\">El costo de este paquete de inspecci\u00f3n de propiedad es de 250 EUR por pareja, y se le pagar\u00e1 cuando haga sus arreglos de reserva. Las comidas no est\u00e1n incluidas en este paquete, pero se pueden organizar a un costo adicional. Si decide comprar una de nuestras propiedades, estos costos le ser\u00e1n devueltos el d\u00eda en que firme el t\u00edtulo de su propiedad. Si desea reservar una visita de inspecci\u00f3n, cont\u00e1ctenos.<\/p>\n<p>[testimonial_view id = &amp; #8221; 1 &amp; #8243;]<\/p>","protected":false},"excerpt":{"rendered":"<p>Our Property weekend Inspection Visits are tailor-made, on an individual \/ personal basis to enable&#8230;<\/p>","protected":false},"author":848,"featured_media":0,"parent":0,"menu_order":0,"comment_status":"closed","ping_status":"closed","template":"","meta":[],"_links":{"self":[{"href":"https:\/\/www.nerja-homes.com\/es\/wp-json\/wp\/v2\/pages\/753"}],"collection":[{"href":"https:\/\/www.nerja-homes.com\/es\/wp-json\/wp\/v2\/pages"}],"about":[{"href":"https:\/\/www.nerja-homes.com\/es\/wp-json\/wp\/v2\/types\/page"}],"author":[{"embeddable":true,"href":"https:\/\/www.nerja-homes.com\/es\/wp-json\/wp\/v2\/users\/848"}],"replies":[{"embeddable":true,"href":"https:\/\/www.nerja-homes.com\/es\/wp-json\/wp\/v2\/comments?post=753"}],"version-history":[{"count":0,"href":"https:\/\/www.nerja-homes.com\/es\/wp-json\/wp\/v2\/pages\/753\/revisions"}],"wp:attachment":[{"href":"https:\/\/www.nerja-homes.com\/es\/wp-json\/wp\/v2\/media?parent=753"}],"curies":[{"name":"wp","href":"https:\/\/api.w.org\/{rel}","templated":true}]}}