{"id":240,"date":"2016-07-02T17:20:53","date_gmt":"2016-07-02T15:20:53","guid":{"rendered":"http:\/\/www.myspanish-properties.com\/?page_id=240"},"modified":"2021-01-21T20:47:36","modified_gmt":"2021-01-21T18:47:36","slug":"privacy-policy","status":"publish","type":"page","link":"https:\/\/www.nerja-homes.com\/es\/privacy-policy\/","title":{"rendered":"Pol\u00edtica de Privacidad"},"content":{"rendered":"<p style=\"text-align: justify;\">MyWebsite.Com (&quot;Sitio&quot;) es propiedad y est\u00e1 operado por YourCompanyName. Respetamos la privacidad de cada usuario del Sitio (referido como &quot;usted&quot; o &quot;un usuario&quot;), ya sea que est\u00e9 comenzando su b\u00fasqueda de propiedades o haya visitado nuestro Sitio previamente. Esta Declaraci\u00f3n de privacidad le brinda informaci\u00f3n espec\u00edfica sobre c\u00f3mo protegemos su privacidad, c\u00f3mo tratamos la informaci\u00f3n que recopilamos en el Sitio que identifica a un usuario individual (\u201cInformaci\u00f3n personal\u201d) y c\u00f3mo utilizamos la informaci\u00f3n agregada. AL REGISTRARSE O UTILIZAR EL SITIO, USTED FIRMA SU ACEPTACI\u00d3N DE ESTA DECLARACI\u00d3N DE PRIVACIDAD. SI NO ACEPTA ESTA DECLARACI\u00d3N DE PRIVACIDAD, NO PUEDE USAR EL SITIO. Nos reservamos el derecho de modificar esta Declaraci\u00f3n en cualquier momento mediante la publicaci\u00f3n de un aviso en la p\u00e1gina de inicio del Sitio. MyWebsite.Com se compromete a proteger su privacidad y la tecnolog\u00eda de desarrollo que le brinda la experiencia en l\u00ednea m\u00e1s potente y segura. Esta Declaraci\u00f3n de privacidad se aplica al sitio web MyWebsite.Com y regula la recopilaci\u00f3n y el uso de datos.<\/p>\n<p><strong>Recolecci\u00f3n de su informaci\u00f3n personal<\/strong><\/p>\n<p style=\"text-align: justify;\">MyWebsite.Com recopila informaci\u00f3n de identificaci\u00f3n personal, como su direcci\u00f3n de correo electr\u00f3nico, nombre, domicilio o n\u00famero de tel\u00e9fono. La informaci\u00f3n tambi\u00e9n puede incluir su direcci\u00f3n IP, tipo de navegador, nombres de dominio, tiempos de acceso y direcciones de sitios web de referencia. Esta informaci\u00f3n se utiliza para el funcionamiento del servicio, para mantener la calidad del servicio y para proporcionar estad\u00edsticas generales sobre el uso del sitio web MyWebsite.Com.<\/p>\n<p><strong>Uso de su informaci\u00f3n personal<\/strong><\/p>\n<p style=\"text-align: justify;\">MyWebsite.Com collects and uses your personal information to operate the website and deliver the services you have requested, and also uses your personally identifiable information to inform you of other products or services available from MyWebsite.Com. We may also contact you via surveys to conduct research about your opinion of current services or of potential new services that may be offered. MyWebsite.Com does not sell, rent or lease its customer lists to third parties, and does not use or disclose sensitive personal information, such as race, religion, or political affiliations, without your explicit consent. MyWebsite.Com websites will disclose your personal information, without notice, only if required to do so by law or in the good faith belief that such action is necessary to (a) conform to the edicts of the law or comply with legal process served on MyWebsite.Com or the site; (b) protect and defend the rights or property of MyWebsite.Com, and (c) act under exigent circumstances to protect the personal safety of users of MyWebsite.Com, or the public.<\/p>\n<p><strong>Uso de cookies<\/strong><\/p>\n<p style=\"text-align: justify;\">El sitio web MyWebsite.Com utiliza &quot;cookies&quot; para ayudarlo a personalizar su experiencia en l\u00ednea. Una cookie es un archivo de texto que un servidor de p\u00e1ginas web coloca en su disco duro. Las cookies no se pueden usar para ejecutar programas o enviar virus a su computadora. Las cookies se le asignan de forma exclusiva y solo pueden ser le\u00eddas por un servidor web en el dominio que le emiti\u00f3 la cookie. Uno de los prop\u00f3sitos principales de las cookies es proporcionar una funci\u00f3n conveniente para ahorrarle tiempo. El prop\u00f3sito de una cookie es decirle al servidor web que ha regresado a una p\u00e1gina espec\u00edfica. Por ejemplo, si personaliza las p\u00e1ginas de MyWebsite.Com o se registra en el sitio o los servicios de MyWebsite.Com, una cookie nos ayuda a recordar su informaci\u00f3n espec\u00edfica en visitas posteriores. Esto simplifica el proceso de registrar su informaci\u00f3n personal, como la direcci\u00f3n de correo electr\u00f3nico, etc. Cuando regrese al sitio web MyWebsite.Com, la informaci\u00f3n que proporcion\u00f3 anteriormente se puede recuperar, por lo que puede usar f\u00e1cilmente las funciones MyWebsite.Com que personaliz\u00f3. Tiene la capacidad de aceptar o rechazar cookies. La mayor\u00eda de los navegadores web aceptan autom\u00e1ticamente las cookies, pero generalmente puede modificar la configuraci\u00f3n de su navegador para rechazar las cookies si lo prefiere. Si elige rechazar las cookies, es posible que no pueda experimentar completamente las caracter\u00edsticas interactivas de los servicios o sitios web MyWebsite.Com que visita.<\/p>\n<p><strong>Seguridad de su informaci\u00f3n personal<\/strong><\/p>\n<p style=\"text-align: justify;\">MyWebsite.Com secures your personal information from unauthorized access, use or disclosure. MyWebsite.Com secures the personally identifiable information you provide on computer servers in a controlled, secure environment, protected from unauthorized access, use or disclosure. When personal information is transmitted to other websites, it is protected through the use of encryption, such as the Secure Socket Layer (SSL) protocol.<\/p>\n<p><strong>Cambios a esta declaraci\u00f3n<\/strong><\/p>\n<p style=\"text-align: justify;\">MyWebsite.Com will occasionally update this Statement of Privacy to reflect company and customer feedback. MyWebsite.Com encourages you to periodically review this Statement to be informed of how we are protecting your information. Copyright \u00a9 2021 by YourCompanyName \/\/ All Rights Reserved.<\/p>","protected":false},"excerpt":{"rendered":"<p>MyWebsite.Com (\u201cSite\u201d) is owned and operated by\u00a0 YourCompanyName. We respect the privacy of each user&#8230;<\/p>","protected":false},"author":848,"featured_media":0,"parent":0,"menu_order":0,"comment_status":"closed","ping_status":"closed","template":"","meta":[],"_links":{"self":[{"href":"https:\/\/www.nerja-homes.com\/es\/wp-json\/wp\/v2\/pages\/240"}],"collection":[{"href":"https:\/\/www.nerja-homes.com\/es\/wp-json\/wp\/v2\/pages"}],"about":[{"href":"https:\/\/www.nerja-homes.com\/es\/wp-json\/wp\/v2\/types\/page"}],"author":[{"embeddable":true,"href":"https:\/\/www.nerja-homes.com\/es\/wp-json\/wp\/v2\/users\/848"}],"replies":[{"embeddable":true,"href":"https:\/\/www.nerja-homes.com\/es\/wp-json\/wp\/v2\/comments?post=240"}],"version-history":[{"count":1,"href":"https:\/\/www.nerja-homes.com\/es\/wp-json\/wp\/v2\/pages\/240\/revisions"}],"predecessor-version":[{"id":1434,"href":"https:\/\/www.nerja-homes.com\/es\/wp-json\/wp\/v2\/pages\/240\/revisions\/1434"}],"wp:attachment":[{"href":"https:\/\/www.nerja-homes.com\/es\/wp-json\/wp\/v2\/media?parent=240"}],"curies":[{"name":"wp","href":"https:\/\/api.w.org\/{rel}","templated":true}]}}