{"id":1475,"date":"2021-02-11T21:42:03","date_gmt":"2021-02-11T19:42:03","guid":{"rendered":"https:\/\/www.nerja-homes.com\/?page_id=1475"},"modified":"2021-02-11T23:32:18","modified_gmt":"2021-02-11T21:32:18","slug":"our-testimonials","status":"publish","type":"page","link":"https:\/\/www.nerja-homes.com\/es\/our-testimonials\/","title":{"rendered":"Testimonios y Comentarios de Clientes"},"content":{"rendered":"<p style=\"text-align: justify;\">En Nerja Homes estamos comprometidos con nuestros clientes y creemos que el verdadero valor de nuestros servicios inmobiliarios radica en la consultor\u00eda profesional que brindamos a nuestros clientes. Nuestros servicios establecen nuevos est\u00e1ndares de profesionalismo, integridad, confiabilidad y resultados. Tambi\u00e9n estamos comprometidos con la mejora constante de nuestros servicios, escuchando las necesidades de nuestros clientes y socios y adapt\u00e1ndonos a sus comentarios.<\/p>\n<p style=\"text-align: justify;\"><img decoding=\"async\" loading=\"lazy\" class=\"alignnone size-full wp-image-1503\" src=\"https:\/\/www.nerja-homes.com\/wp-content\/uploads\/2021\/02\/realestate-testimonials.jpg\" alt=\"\" width=\"750\" height=\"422\" srcset=\"https:\/\/www.nerja-homes.com\/wp-content\/uploads\/2021\/02\/realestate-testimonials.jpg 750w, https:\/\/www.nerja-homes.com\/wp-content\/uploads\/2021\/02\/realestate-testimonials-300x169.jpg 300w\" sizes=\"(max-width: 750px) 100vw, 750px\" \/><\/p>\n<p style=\"text-align: justify;\"><div id=\"testimonial_rotator_wrap_1457\" class=\"testimonial_rotator_wrap\">\n\t<div id=\"testimonial_rotator_1457\" class=\"testimonial_rotator  format-list template-default hreview-aggregate\" data-cycletwo-timeout=\"3000\" data-cycletwo-speed=\"1000\" data-cycletwo-pause-on-hover=\"true\"  data-cycletwo-swipe=\"true\" data-cycletwo-fx=\"scrollVert\" data-cycletwo-auto-height=\"calc\" data-cycletwo-slides=\"> div.slide\" data-cycletwo-log=\"false\" >\n<div class=\"slide slide1 testimonial_rotator_slide hreview itemreviewed item has-image cf-tr\">\n<div class=\"testimonial_rotator_img img\"><img width=\"300\" height=\"200\" src=\"https:\/\/www.nerja-homes.com\/wp-content\/uploads\/2021\/02\/1photo-300x200.png\" class=\"attachment-medium size-medium wp-post-image\" alt=\"1photo\" decoding=\"async\" loading=\"lazy\" srcset=\"https:\/\/www.nerja-homes.com\/wp-content\/uploads\/2021\/02\/1photo-300x200.png 300w, https:\/\/www.nerja-homes.com\/wp-content\/uploads\/2021\/02\/1photo.png 315w\" sizes=\"(max-width: 300px) 100vw, 300px\" \/><\/div>\n<div class=\"text testimonial_rotator_description\">\n<h3 class=\"testimonial_rotator_slide_title\">Agente recomendado<\/h3>\n<div class=\"testimonial_rotator_stars cf-tr\">\n<span class=\"testimonial_rotator_star testimonial_rotator_star_1\"><i class=\"fa fa-star\"><\/i><\/span><span class=\"testimonial_rotator_star testimonial_rotator_star_2\"><i class=\"fa fa-star\"><\/i><\/span><span class=\"testimonial_rotator_star testimonial_rotator_star_3\"><i class=\"fa fa-star\"><\/i><\/span><span class=\"testimonial_rotator_star testimonial_rotator_star_4\"><i class=\"fa fa-star\"><\/i><\/span><span class=\"testimonial_rotator_star testimonial_rotator_star_5\"><i class=\"fa fa-star\"><\/i><\/span><\/div>\n<div class=\"testimonial_rotator_quote\">\nLorem ipsum dolor sit amet, consectetur adipiscing elit. Vivamus luctus urna sed urna ultricies ac tempor dui sagittis. In condimentum facilisis porta. Sed nec diam eu diam mattis viverra. Nulla fringilla, orci ac euismod semper, magna diam porttitor mauris, quis sollicitudin sapie<\/div>\n<div class=\"testimonial_rotator_author_info cf-tr\">\n<p>Gerlinde Holmer, Buyer, Germany<\/p>\n<\/div>\n<\/div>\n\t<div class=\"testimonial_rotator_microdata\">\n\t<div class=\"rating\">5<\/div>\n\t<div class=\"dtreviewed\"> 2021-02-11T21:03:36+02:00<\/div>\t<div class=\"reviewer\"> \t<div class=\"fn\"> <p>Gerlinde Holmer, Buyer, Germany<\/p>\n<\/div><img width=\"150\" height=\"150\" src=\"https:\/\/www.nerja-homes.com\/wp-content\/uploads\/2021\/02\/1photo-150x150.png\" class=\"photo wp-post-image\" alt=\"1photo\" decoding=\"async\" loading=\"lazy\" srcset=\"https:\/\/www.nerja-homes.com\/wp-content\/uploads\/2021\/02\/1photo-150x150.png 150w, https:\/\/www.nerja-homes.com\/wp-content\/uploads\/2021\/02\/1photo-100x100.png 100w\" sizes=\"(max-width: 150px) 100vw, 150px\" \/>\t<\/div>Lorem ipsum dolor sit amet, consectetur adipiscing elit. Vivamus luctus urna sed urna ultricies ac tempor dui sagittis. In condimentum facilisis porta. Sed nec diam eu diam mattis viverra. Nulla fringilla, orci ac euismod semper, magna diam porttitor mauris, quis sollicitudin sapie\t<div class=\"summary\"> <\/div>\t<div class=\"permalink\"> https:\/\/www.nerja-homes.com\/es\/testimonials\/highly-recommended-agent\/<\/div>\t<\/div><!-- .testimonial_rotator_microdata -->\n<\/div>\n<div class=\"slide slide2 testimonial_rotator_slide hreview itemreviewed item has-image cf-tr\">\n<div class=\"testimonial_rotator_img img\"><img width=\"187\" height=\"164\" src=\"https:\/\/www.nerja-homes.com\/wp-content\/uploads\/2021\/02\/4photo.png\" class=\"attachment-medium size-medium wp-post-image\" alt=\"4photo\" decoding=\"async\" loading=\"lazy\" \/><\/div>\n<div class=\"text testimonial_rotator_description\">\n<h3 class=\"testimonial_rotator_slide_title\">Tom Tomy<\/h3>\n<div class=\"testimonial_rotator_stars cf-tr\">\n<span class=\"testimonial_rotator_star testimonial_rotator_star_1\"><i class=\"fa fa-star\"><\/i><\/span><span class=\"testimonial_rotator_star testimonial_rotator_star_2\"><i class=\"fa fa-star\"><\/i><\/span><span class=\"testimonial_rotator_star testimonial_rotator_star_3\"><i class=\"fa fa-star\"><\/i><\/span><span class=\"testimonial_rotator_star testimonial_rotator_star_4\"><i class=\"fa fa-star\"><\/i><\/span><\/div>\n<div class=\"testimonial_rotator_quote\">\n<p style=\"text-align: justify;\">Lorem ipsum dolor sit amet, consectetur adipiscing elit. Vivamus luctus urna sed urna ultricies ac tempor dui sagittis. In condimentum facilisis porta. Sed nec diam eu diam mattis viverra. Nulla fringilla, orci ac euismod semper, magna diam porttitor mauris, quis sollicitudin sapien justo in libero<\/p><\/div>\n<div class=\"testimonial_rotator_author_info cf-tr\">\n<p>Buyer, London \/ UK<\/p>\n<\/div>\n<\/div>\n\t<div class=\"testimonial_rotator_microdata\">\n\t<div class=\"rating\">4<\/div>\n\t<div class=\"dtreviewed\"> 2021-02-11T21:26:37+02:00<\/div>\t<div class=\"reviewer\"> \t<div class=\"fn\"> <p>Buyer, London \/ UK<\/p>\n<\/div><img width=\"150\" height=\"150\" src=\"https:\/\/www.nerja-homes.com\/wp-content\/uploads\/2021\/02\/4photo-150x150.png\" class=\"photo wp-post-image\" alt=\"4photo\" decoding=\"async\" loading=\"lazy\" srcset=\"https:\/\/www.nerja-homes.com\/wp-content\/uploads\/2021\/02\/4photo-150x150.png 150w, https:\/\/www.nerja-homes.com\/wp-content\/uploads\/2021\/02\/4photo-100x100.png 100w\" sizes=\"(max-width: 150px) 100vw, 150px\" \/>\t<\/div>Lorem ipsum dolor sit amet, consectetur adipiscing elit. Vivamus luctus urna sed urna ultricies ac tempor dui sagittis. In condimentum facilisis porta. Sed nec diam eu diam mattis viverra. Nulla fringilla, orci ac euismod semper, magna diam porttitor mauris, quis sollicitudin sapien justo in libero\t<div class=\"summary\"> <\/div>\t<div class=\"permalink\"> https:\/\/www.nerja-homes.com\/es\/testimonials\/tom-tomy\/<\/div>\t<\/div><!-- .testimonial_rotator_microdata -->\n<\/div>\n<div class=\"slide slide3 testimonial_rotator_slide hreview itemreviewed item has-image cf-tr\">\n<div class=\"testimonial_rotator_img img\"><img width=\"300\" height=\"233\" src=\"https:\/\/www.nerja-homes.com\/wp-content\/uploads\/2021\/02\/3photo-300x233.png\" class=\"attachment-medium size-medium wp-post-image\" alt=\"3photo\" decoding=\"async\" loading=\"lazy\" srcset=\"https:\/\/www.nerja-homes.com\/wp-content\/uploads\/2021\/02\/3photo-300x233.png 300w, https:\/\/www.nerja-homes.com\/wp-content\/uploads\/2021\/02\/3photo.png 431w\" sizes=\"(max-width: 300px) 100vw, 300px\" \/><\/div>\n<div class=\"text testimonial_rotator_description\">\n<h3 class=\"testimonial_rotator_slide_title\">Muy servicial y amigable<\/h3>\n<div class=\"testimonial_rotator_stars cf-tr\">\n<span class=\"testimonial_rotator_star testimonial_rotator_star_1\"><i class=\"fa fa-star\"><\/i><\/span><span class=\"testimonial_rotator_star testimonial_rotator_star_2\"><i class=\"fa fa-star\"><\/i><\/span><span class=\"testimonial_rotator_star testimonial_rotator_star_3\"><i class=\"fa fa-star\"><\/i><\/span><span class=\"testimonial_rotator_star testimonial_rotator_star_4\"><i class=\"fa fa-star\"><\/i><\/span><\/div>\n<div class=\"testimonial_rotator_quote\">\n<p style=\"text-align: justify;\">Lorem ipsum dolor sit amet, consectetur adipiscing elit. Vivamus luctus urna sed urna ultricies ac tempor dui sagittis. In condimentum facilisis porta. Sed nec diam eu diam mattis viverra. Nulla fringilla, orci ac euismod semper, magna diam porttitor mauris, quis sollicitudin sapien justo in libero. Vestibulum mollis ma<\/p><\/div>\n<div class=\"testimonial_rotator_author_info cf-tr\">\n<p>Nicola Brenda, Buyer \/ Belgium<\/p>\n<\/div>\n<\/div>\n\t<div class=\"testimonial_rotator_microdata\">\n\t<div class=\"rating\">4<\/div>\n\t<div class=\"dtreviewed\"> 2021-02-11T21:30:27+02:00<\/div>\t<div class=\"reviewer\"> \t<div class=\"fn\"> <p>Nicola Brenda, Buyer \/ Belgium<\/p>\n<\/div><img width=\"150\" height=\"150\" src=\"https:\/\/www.nerja-homes.com\/wp-content\/uploads\/2021\/02\/3photo-150x150.png\" class=\"photo wp-post-image\" alt=\"3photo\" decoding=\"async\" loading=\"lazy\" srcset=\"https:\/\/www.nerja-homes.com\/wp-content\/uploads\/2021\/02\/3photo-150x150.png 150w, https:\/\/www.nerja-homes.com\/wp-content\/uploads\/2021\/02\/3photo-100x100.png 100w\" sizes=\"(max-width: 150px) 100vw, 150px\" \/>\t<\/div>Lorem ipsum dolor sit amet, consectetur adipiscing elit. Vivamus luctus urna sed urna ultricies ac tempor dui sagittis. In condimentum facilisis porta. Sed nec diam eu diam mattis viverra. Nulla fringilla, orci ac euismod semper, magna diam porttitor mauris, quis sollicitudin sapien justo in libero. Vestibulum mollis ma\t<div class=\"summary\"> <\/div>\t<div class=\"permalink\"> https:\/\/www.nerja-homes.com\/es\/testimonials\/very-helpful-and-friendly\/<\/div>\t<\/div><!-- .testimonial_rotator_microdata -->\n<\/div>\n<div class=\"testimonial_rotator_microdata\">\n\t<div class=\"rating\">4.3<\/div>\n\t<div class=\"count\">3<\/div>\n\t<div class=\"item\"><div class=\"fn\"><\/div><\/div>\n<\/div>\n<\/div><!-- #testimonial_rotator_1457 -->\n<\/div><!-- .testimonial_rotator_wrap -->\n\n<\/p>\n<p>&nbsp;<\/p>","protected":false},"excerpt":{"rendered":"<p>At Nerja Homes,\u00a0we are committed to our clients and believe that the true\u00a0value of our&#8230;<\/p>","protected":false},"author":869,"featured_media":0,"parent":0,"menu_order":0,"comment_status":"closed","ping_status":"closed","template":"","meta":[],"_links":{"self":[{"href":"https:\/\/www.nerja-homes.com\/es\/wp-json\/wp\/v2\/pages\/1475"}],"collection":[{"href":"https:\/\/www.nerja-homes.com\/es\/wp-json\/wp\/v2\/pages"}],"about":[{"href":"https:\/\/www.nerja-homes.com\/es\/wp-json\/wp\/v2\/types\/page"}],"author":[{"embeddable":true,"href":"https:\/\/www.nerja-homes.com\/es\/wp-json\/wp\/v2\/users\/869"}],"replies":[{"embeddable":true,"href":"https:\/\/www.nerja-homes.com\/es\/wp-json\/wp\/v2\/comments?post=1475"}],"version-history":[{"count":24,"href":"https:\/\/www.nerja-homes.com\/es\/wp-json\/wp\/v2\/pages\/1475\/revisions"}],"predecessor-version":[{"id":1514,"href":"https:\/\/www.nerja-homes.com\/es\/wp-json\/wp\/v2\/pages\/1475\/revisions\/1514"}],"wp:attachment":[{"href":"https:\/\/www.nerja-homes.com\/es\/wp-json\/wp\/v2\/media?parent=1475"}],"curies":[{"name":"wp","href":"https:\/\/api.w.org\/{rel}","templated":true}]}}