{"id":1216,"date":"2019-01-16T22:06:11","date_gmt":"2019-01-16T20:06:11","guid":{"rendered":"https:\/\/www.nerja-homes.com\/?page_id=1216"},"modified":"2019-01-16T22:11:31","modified_gmt":"2019-01-16T20:11:31","slug":"estate-agency-agreements","status":"publish","type":"page","link":"https:\/\/www.nerja-homes.com\/es\/estate-agency-agreements\/","title":{"rendered":"Acuerdos con la Agencia Inmobiliaria"},"content":{"rendered":"<header>\n<h3 class=\"title\">Elegir el acuerdo correcto para usted<\/h3>\n<p class=\"title\">Al elegir una agencia de inmobiliaria para vender su propiedad, existen dos tipos de acuerdos (contratos) que puede considerar: acuerdo de agencia \u00fanica, conocido como \"exclusivo\" o un acuerdo de agencia general, com\u00fanmente conocido como un acuerdo normal.<\/p>\n<h3 class=\"title\">Acuerdo de Agencia \u00danica<\/h3>\n<p class=\"title\">Si elige enlistar con una Agencia de Inmobiliaria, ellos tienen el derecho exclusivo de comercializar y vender su propiedad. Si firma un Acuerdo de Agencia \u00danica, no puede firmar un acuerdo con otra Agencia.<\/p>\n<p class=\"title\">Los beneficios de listar su propiedad con una agencia \u00fanica: si firma un Acuerdo de Agencia \u00danica, su Agencia est\u00e1 motivada a trabajar m\u00e1s duro para usted y gastar dinero extra en la publicidad de su propiedad. Si conf\u00eda en nosotros al firmar un Acuerdo de Agencia \u00danica para vender su propiedad, se beneficiar\u00e1 de todo el espectro de nuestras actividades de promoci\u00f3n de ventas. <\/p>\n<h3 class=\"title\">Acuerdo General con la Agencia <\/h3>\n<p class=\"title\">Si desea que m\u00e1s de una agencia inmobiliaria comercialice su propiedad al mismo tiempo, firme un acuerdo de agencia general con cada agencia inmobiliaria. Si firma un Acuerdo general de agencia inmobiliaria, solo pagar\u00e1 una comisi\u00f3n a la Agencia inmobiliaria que vende su propiedad.<\/p>\n<\/header>","protected":false},"excerpt":{"rendered":"<p>Choosing the right Agreement for you When choosing a Real Estate Agency to sell your&#8230;<\/p>","protected":false},"author":848,"featured_media":0,"parent":0,"menu_order":0,"comment_status":"closed","ping_status":"closed","template":"","meta":[],"_links":{"self":[{"href":"https:\/\/www.nerja-homes.com\/es\/wp-json\/wp\/v2\/pages\/1216"}],"collection":[{"href":"https:\/\/www.nerja-homes.com\/es\/wp-json\/wp\/v2\/pages"}],"about":[{"href":"https:\/\/www.nerja-homes.com\/es\/wp-json\/wp\/v2\/types\/page"}],"author":[{"embeddable":true,"href":"https:\/\/www.nerja-homes.com\/es\/wp-json\/wp\/v2\/users\/848"}],"replies":[{"embeddable":true,"href":"https:\/\/www.nerja-homes.com\/es\/wp-json\/wp\/v2\/comments?post=1216"}],"version-history":[{"count":0,"href":"https:\/\/www.nerja-homes.com\/es\/wp-json\/wp\/v2\/pages\/1216\/revisions"}],"wp:attachment":[{"href":"https:\/\/www.nerja-homes.com\/es\/wp-json\/wp\/v2\/media?parent=1216"}],"curies":[{"name":"wp","href":"https:\/\/api.w.org\/{rel}","templated":true}]}}