{"id":102,"date":"2015-07-29T00:00:29","date_gmt":"2015-07-29T00:00:29","guid":{"rendered":"http:\/\/www.cssigniter.com\/preview\/oikia\/?page_id=102"},"modified":"2021-02-11T23:39:24","modified_gmt":"2021-02-11T21:39:24","slug":"contact","status":"publish","type":"page","link":"https:\/\/www.nerja-homes.com\/es\/contact\/","title":{"rendered":"Cont\u00e1ctenos"},"content":{"rendered":"<p>Si desea recibir m\u00e1s informaci\u00f3n sobre la propiedad en venta o alquiler, complete el formulario a continuaci\u00f3n, env\u00edenos un correo electr\u00f3nico o ll\u00e1menos. Normalmente respondemos a todas las consultas dentro de las 24 horas.<\/p>\n<h3><strong>NERJA HOMES REAL ESTATE<\/strong><\/h3>\n<p>Oficina: (34) 123 456 789<br \/>\nMobile: (34) 609 456 789<br \/>\ninfo@nerja-homes.com<br \/>\nwww.nerja-homes.com<\/p>\n<p><strong>Formulario de Contacto<\/strong><\/p>\n<p>Para contactarnos a trav\u00e9s de este formulario de contacto, ingrese la informaci\u00f3n requerida y haga clic en el bot\u00f3n \"Enviar\".<\/p>\n<div role=\"form\" class=\"wpcf7\" id=\"wpcf7-f212-o1\" lang=\"en-US\" dir=\"ltr\">\n<div class=\"screen-reader-response\"><\/div>\n<form action=\"\/es\/wp-json\/wp\/v2\/pages\/102#wpcf7-f212-o1\" method=\"post\" class=\"wpcf7-form wpcf7-acceptance-as-validation\" novalidate=\"novalidate\" data-trp-original-action=\"\/es\/wp-json\/wp\/v2\/pages\/102#wpcf7-f212-o1\">\n<div style=\"display: none;\">\n<input type=\"hidden\" name=\"_wpcf7\" value=\"212\" \/>\n<input type=\"hidden\" name=\"_wpcf7_version\" value=\"4.4.2\" \/>\n<input type=\"hidden\" name=\"_wpcf7_locale\" value=\"en_US\" \/>\n<input type=\"hidden\" name=\"_wpcf7_unit_tag\" value=\"wpcf7-f212-o1\" \/>\n<input type=\"hidden\" name=\"_wpnonce\" value=\"55a7635387\" \/>\n<\/div>\n<p>Your Name*<br \/>\n    <span class=\"wpcf7-form-control-wrap your-name\"><input type=\"text\" name=\"your-name\" value=\"\" size=\"40\" class=\"wpcf7-form-control wpcf7-text wpcf7-validates-as-required\" aria-required=\"true\" aria-invalid=\"false\" \/><\/span> <\/p>\n<p>Su correo electr\u00f3nico<br \/>\n    <span class=\"wpcf7-form-control-wrap your-email\"><input type=\"email\" name=\"your-email\" value=\"\" size=\"40\" class=\"wpcf7-form-control wpcf7-text wpcf7-email wpcf7-validates-as-required wpcf7-validates-as-email\" aria-required=\"true\" aria-invalid=\"false\" \/><\/span> <\/p>\n<p>Subject*<br \/>\n    <span class=\"wpcf7-form-control-wrap your-subject\"><input type=\"text\" name=\"your-subject\" value=\"\" size=\"40\" class=\"wpcf7-form-control wpcf7-text wpcf7-validates-as-required\" aria-required=\"true\" aria-invalid=\"false\" \/><\/span> <\/p>\n<p>Your Message*<br \/>\n    <span class=\"wpcf7-form-control-wrap your-message\"><textarea name=\"your-message\" cols=\"40\" rows=\"10\" class=\"wpcf7-form-control wpcf7-textarea wpcf7-validates-as-required\" aria-required=\"true\" aria-invalid=\"false\"><\/textarea><\/span> <\/p>\n<p><span class=\"wpcf7-form-control-wrap acceptance-84\"><input type=\"checkbox\" name=\"acceptance-84\" value=\"1\" class=\"wpcf7-form-control wpcf7-acceptance\" aria-invalid=\"false\" \/><\/span>  I agree to the <a href=\"https:\/\/www.nerja-homes.com\/es\/privacy-policy\/\">Pol\u00edtica de Privacidad<\/a> of this website<\/p>\n<div class=\"wpcf7-form-control-wrap\"><div data-sitekey=\"6Lcs1CIkAAAAACDXMS6X6AOyUlso3nvHmlVZMDkk\" class=\"wpcf7-form-control g-recaptcha wpcf7-recaptcha\"><\/div>\n<noscript>\n\t<div style=\"width: 302px; height: 422px;\">\n\t\t<div style=\"width: 302px; height: 422px; position: relative;\">\n\t\t\t<div style=\"width: 302px; height: 422px; position: absolute;\">\n\t\t\t\t<iframe src=\"https:\/\/www.google.com\/recaptcha\/api\/fallback?k=6Lcs1CIkAAAAACDXMS6X6AOyUlso3nvHmlVZMDkk\" frameborder=\"0\" scrolling=\"no\" style=\"width: 302px; height:422px; border-style: none;\">\n\t\t\t\t<\/iframe>\n\t\t\t<\/div>\n\t\t\t<div style=\"width: 300px; height: 60px; border-style: none; bottom: 12px; left: 25px; margin: 0px; padding: 0px; right: 25px; background: #f9f9f9; border: 1px solid #c1c1c1; border-radius: 3px;\">\n\t\t\t\t<textarea id=\"g-recaptcha-response\" name=\"g-recaptcha-response\" class=\"g-recaptcha-response\" style=\"width: 250px; height: 40px; border: 1px solid #c1c1c1; margin: 10px 25px; padding: 0px; resize: none;\">\n\t\t\t\t<\/textarea>\n\t\t\t<\/div>\n\t\t<\/div>\n\t<\/div>\n<\/noscript>\n<\/div>\n<p><input type=\"submit\" value=\"ENVIAR\" class=\"wpcf7-form-control wpcf7-submit\" \/><\/p>\n<div class=\"wpcf7-response-output wpcf7-display-none\"><\/div><input type=\"hidden\" name=\"trp-form-language\" value=\"es\"\/><\/form><\/div>\n<p>&nbsp;<\/p>\n<hr \/>\n<h3><strong>Lo que dicen nuestros clientes ...<\/strong><\/h3>\n<div id=\"testimonial_rotator_wrap_1457\" class=\"testimonial_rotator_wrap\">\n\t<div id=\"testimonial_rotator_1457\" class=\"testimonial_rotator  cycletwo-slideshow format-rotator template-default hreview-aggregate\" data-cycletwo-timeout=\"3000\" data-cycletwo-speed=\"1000\" data-cycletwo-pause-on-hover=\"true\"  data-cycletwo-swipe=\"true\" data-cycletwo-fx=\"scrollVert\" data-cycletwo-auto-height=\"calc\" data-cycletwo-slides=\"> div.slide\" data-cycletwo-log=\"false\" >\n<div class=\"slide slide1 testimonial_rotator_slide hreview itemreviewed item has-image cf-tr\">\n<div class=\"testimonial_rotator_img img\"><img width=\"300\" height=\"200\" src=\"https:\/\/www.nerja-homes.com\/wp-content\/uploads\/2021\/02\/1photo-300x200.png\" class=\"attachment-medium size-medium wp-post-image\" alt=\"1photo\" decoding=\"async\" loading=\"lazy\" srcset=\"https:\/\/www.nerja-homes.com\/wp-content\/uploads\/2021\/02\/1photo-300x200.png 300w, https:\/\/www.nerja-homes.com\/wp-content\/uploads\/2021\/02\/1photo.png 315w\" sizes=\"(max-width: 300px) 100vw, 300px\" \/><\/div>\n<div class=\"text testimonial_rotator_description\">\n<h3 class=\"testimonial_rotator_slide_title\">Agente recomendado<\/h3>\n<div class=\"testimonial_rotator_stars cf-tr\">\n<span class=\"testimonial_rotator_star testimonial_rotator_star_1\"><i class=\"fa fa-star\"><\/i><\/span><span class=\"testimonial_rotator_star testimonial_rotator_star_2\"><i class=\"fa fa-star\"><\/i><\/span><span class=\"testimonial_rotator_star testimonial_rotator_star_3\"><i class=\"fa fa-star\"><\/i><\/span><span class=\"testimonial_rotator_star testimonial_rotator_star_4\"><i class=\"fa fa-star\"><\/i><\/span><span class=\"testimonial_rotator_star testimonial_rotator_star_5\"><i class=\"fa fa-star\"><\/i><\/span><\/div>\n<div class=\"testimonial_rotator_quote\">\nLorem ipsum dolor sit amet, consectetur adipiscing elit. Vivamus luctus urna sed urna ultricies ac tempor dui sagittis. In condimentum facilisis porta. Sed nec diam eu diam mattis viverra. Nulla fringilla, orci ac euismod semper, magna diam porttitor mauris, quis sollicitudin sapie<\/div>\n<div class=\"testimonial_rotator_author_info cf-tr\">\n<p>Gerlinde Holmer, Buyer, Germany<\/p>\n<\/div>\n<\/div>\n\t<div class=\"testimonial_rotator_microdata\">\n\t<div class=\"rating\">5<\/div>\n\t<div class=\"dtreviewed\"> 2021-02-11T21:03:36+02:00<\/div>\t<div class=\"reviewer\"> \t<div class=\"fn\"> <p>Gerlinde Holmer, Buyer, Germany<\/p>\n<\/div><img width=\"150\" height=\"150\" src=\"https:\/\/www.nerja-homes.com\/wp-content\/uploads\/2021\/02\/1photo-150x150.png\" class=\"photo wp-post-image\" alt=\"1photo\" decoding=\"async\" loading=\"lazy\" srcset=\"https:\/\/www.nerja-homes.com\/wp-content\/uploads\/2021\/02\/1photo-150x150.png 150w, https:\/\/www.nerja-homes.com\/wp-content\/uploads\/2021\/02\/1photo-100x100.png 100w\" sizes=\"(max-width: 150px) 100vw, 150px\" \/>\t<\/div>Lorem ipsum dolor sit amet, consectetur adipiscing elit. Vivamus luctus urna sed urna ultricies ac tempor dui sagittis. In condimentum facilisis porta. Sed nec diam eu diam mattis viverra. Nulla fringilla, orci ac euismod semper, magna diam porttitor mauris, quis sollicitudin sapie\t<div class=\"summary\"> <\/div>\t<div class=\"permalink\"> https:\/\/www.nerja-homes.com\/es\/testimonials\/highly-recommended-agent\/<\/div>\t<\/div><!-- .testimonial_rotator_microdata -->\n<\/div>\n<div class=\"slide slide2 testimonial_rotator_slide hreview itemreviewed item has-image cf-tr\">\n<div class=\"testimonial_rotator_img img\"><img width=\"187\" height=\"164\" src=\"https:\/\/www.nerja-homes.com\/wp-content\/uploads\/2021\/02\/4photo.png\" class=\"attachment-medium size-medium wp-post-image\" alt=\"4photo\" decoding=\"async\" loading=\"lazy\" \/><\/div>\n<div class=\"text testimonial_rotator_description\">\n<h3 class=\"testimonial_rotator_slide_title\">Tom Tomy<\/h3>\n<div class=\"testimonial_rotator_stars cf-tr\">\n<span class=\"testimonial_rotator_star testimonial_rotator_star_1\"><i class=\"fa fa-star\"><\/i><\/span><span class=\"testimonial_rotator_star testimonial_rotator_star_2\"><i class=\"fa fa-star\"><\/i><\/span><span class=\"testimonial_rotator_star testimonial_rotator_star_3\"><i class=\"fa fa-star\"><\/i><\/span><span class=\"testimonial_rotator_star testimonial_rotator_star_4\"><i class=\"fa fa-star\"><\/i><\/span><\/div>\n<div class=\"testimonial_rotator_quote\">\n<p style=\"text-align: justify;\">Lorem ipsum dolor sit amet, consectetur adipiscing elit. Vivamus luctus urna sed urna ultricies ac tempor dui sagittis. In condimentum facilisis porta. Sed nec diam eu diam mattis viverra. Nulla fringilla, orci ac euismod semper, magna diam porttitor mauris, quis sollicitudin sapien justo in libero<\/p><\/div>\n<div class=\"testimonial_rotator_author_info cf-tr\">\n<p>Buyer, London \/ UK<\/p>\n<\/div>\n<\/div>\n\t<div class=\"testimonial_rotator_microdata\">\n\t<div class=\"rating\">4<\/div>\n\t<div class=\"dtreviewed\"> 2021-02-11T21:26:37+02:00<\/div>\t<div class=\"reviewer\"> \t<div class=\"fn\"> <p>Buyer, London \/ UK<\/p>\n<\/div><img width=\"150\" height=\"150\" src=\"https:\/\/www.nerja-homes.com\/wp-content\/uploads\/2021\/02\/4photo-150x150.png\" class=\"photo wp-post-image\" alt=\"4photo\" decoding=\"async\" loading=\"lazy\" srcset=\"https:\/\/www.nerja-homes.com\/wp-content\/uploads\/2021\/02\/4photo-150x150.png 150w, https:\/\/www.nerja-homes.com\/wp-content\/uploads\/2021\/02\/4photo-100x100.png 100w\" sizes=\"(max-width: 150px) 100vw, 150px\" \/>\t<\/div>Lorem ipsum dolor sit amet, consectetur adipiscing elit. Vivamus luctus urna sed urna ultricies ac tempor dui sagittis. In condimentum facilisis porta. Sed nec diam eu diam mattis viverra. Nulla fringilla, orci ac euismod semper, magna diam porttitor mauris, quis sollicitudin sapien justo in libero\t<div class=\"summary\"> <\/div>\t<div class=\"permalink\"> https:\/\/www.nerja-homes.com\/es\/testimonials\/tom-tomy\/<\/div>\t<\/div><!-- .testimonial_rotator_microdata -->\n<\/div>\n<div class=\"slide slide3 testimonial_rotator_slide hreview itemreviewed item has-image cf-tr\">\n<div class=\"testimonial_rotator_img img\"><img width=\"300\" height=\"233\" src=\"https:\/\/www.nerja-homes.com\/wp-content\/uploads\/2021\/02\/3photo-300x233.png\" class=\"attachment-medium size-medium wp-post-image\" alt=\"3photo\" decoding=\"async\" loading=\"lazy\" srcset=\"https:\/\/www.nerja-homes.com\/wp-content\/uploads\/2021\/02\/3photo-300x233.png 300w, https:\/\/www.nerja-homes.com\/wp-content\/uploads\/2021\/02\/3photo.png 431w\" sizes=\"(max-width: 300px) 100vw, 300px\" \/><\/div>\n<div class=\"text testimonial_rotator_description\">\n<h3 class=\"testimonial_rotator_slide_title\">Muy servicial y amigable<\/h3>\n<div class=\"testimonial_rotator_stars cf-tr\">\n<span class=\"testimonial_rotator_star testimonial_rotator_star_1\"><i class=\"fa fa-star\"><\/i><\/span><span class=\"testimonial_rotator_star testimonial_rotator_star_2\"><i class=\"fa fa-star\"><\/i><\/span><span class=\"testimonial_rotator_star testimonial_rotator_star_3\"><i class=\"fa fa-star\"><\/i><\/span><span class=\"testimonial_rotator_star testimonial_rotator_star_4\"><i class=\"fa fa-star\"><\/i><\/span><\/div>\n<div class=\"testimonial_rotator_quote\">\n<p style=\"text-align: justify;\">Lorem ipsum dolor sit amet, consectetur adipiscing elit. Vivamus luctus urna sed urna ultricies ac tempor dui sagittis. In condimentum facilisis porta. Sed nec diam eu diam mattis viverra. Nulla fringilla, orci ac euismod semper, magna diam porttitor mauris, quis sollicitudin sapien justo in libero. Vestibulum mollis ma<\/p><\/div>\n<div class=\"testimonial_rotator_author_info cf-tr\">\n<p>Nicola Brenda, Buyer \/ Belgium<\/p>\n<\/div>\n<\/div>\n\t<div class=\"testimonial_rotator_microdata\">\n\t<div class=\"rating\">4<\/div>\n\t<div class=\"dtreviewed\"> 2021-02-11T21:30:27+02:00<\/div>\t<div class=\"reviewer\"> \t<div class=\"fn\"> <p>Nicola Brenda, Buyer \/ Belgium<\/p>\n<\/div><img width=\"150\" height=\"150\" src=\"https:\/\/www.nerja-homes.com\/wp-content\/uploads\/2021\/02\/3photo-150x150.png\" class=\"photo wp-post-image\" alt=\"3photo\" decoding=\"async\" loading=\"lazy\" srcset=\"https:\/\/www.nerja-homes.com\/wp-content\/uploads\/2021\/02\/3photo-150x150.png 150w, https:\/\/www.nerja-homes.com\/wp-content\/uploads\/2021\/02\/3photo-100x100.png 100w\" sizes=\"(max-width: 150px) 100vw, 150px\" \/>\t<\/div>Lorem ipsum dolor sit amet, consectetur adipiscing elit. Vivamus luctus urna sed urna ultricies ac tempor dui sagittis. In condimentum facilisis porta. Sed nec diam eu diam mattis viverra. Nulla fringilla, orci ac euismod semper, magna diam porttitor mauris, quis sollicitudin sapien justo in libero. Vestibulum mollis ma\t<div class=\"summary\"> <\/div>\t<div class=\"permalink\"> https:\/\/www.nerja-homes.com\/es\/testimonials\/very-helpful-and-friendly\/<\/div>\t<\/div><!-- .testimonial_rotator_microdata -->\n<\/div>\n<div class=\"testimonial_rotator_microdata\">\n\t<div class=\"rating\">4.3<\/div>\n\t<div class=\"count\">3<\/div>\n\t<div class=\"item\"><div class=\"fn\"><\/div><\/div>\n<\/div>\n<\/div><!-- #testimonial_rotator_1457 -->\n<\/div><!-- .testimonial_rotator_wrap -->\n\n\n<hr \/>\n<p>&nbsp;<\/p>","protected":false},"excerpt":{"rendered":"<p>If you would like to receive further information on property for sale or rent, please&#8230;<\/p>","protected":false},"author":848,"featured_media":0,"parent":0,"menu_order":0,"comment_status":"open","ping_status":"open","template":"","meta":[],"_links":{"self":[{"href":"https:\/\/www.nerja-homes.com\/es\/wp-json\/wp\/v2\/pages\/102"}],"collection":[{"href":"https:\/\/www.nerja-homes.com\/es\/wp-json\/wp\/v2\/pages"}],"about":[{"href":"https:\/\/www.nerja-homes.com\/es\/wp-json\/wp\/v2\/types\/page"}],"author":[{"embeddable":true,"href":"https:\/\/www.nerja-homes.com\/es\/wp-json\/wp\/v2\/users\/848"}],"replies":[{"embeddable":true,"href":"https:\/\/www.nerja-homes.com\/es\/wp-json\/wp\/v2\/comments?post=102"}],"version-history":[{"count":6,"href":"https:\/\/www.nerja-homes.com\/es\/wp-json\/wp\/v2\/pages\/102\/revisions"}],"predecessor-version":[{"id":1507,"href":"https:\/\/www.nerja-homes.com\/es\/wp-json\/wp\/v2\/pages\/102\/revisions\/1507"}],"wp:attachment":[{"href":"https:\/\/www.nerja-homes.com\/es\/wp-json\/wp\/v2\/media?parent=102"}],"curies":[{"name":"wp","href":"https:\/\/api.w.org\/{rel}","templated":true}]}}