{"id":919,"date":"2018-02-01T11:14:33","date_gmt":"2018-02-01T09:14:33","guid":{"rendered":"https:\/\/www.nerja-homes.com\/?page_id=919"},"modified":"2021-02-11T21:35:47","modified_gmt":"2021-02-11T19:35:47","slug":"sell-your-property-with-us","status":"publish","type":"page","link":"https:\/\/www.nerja-homes.com\/de\/sell-your-property-with-us\/","title":{"rendered":"Verkaufen Sie Ihre Immobilie mit uns"},"content":{"rendered":"<p style=\"text-align: justify;\">DREAM HOMES SPAIN widmet sich der effektiven Vermarktung und dem Verkauf von Immobilien in allen Preisklassen. Wir machen den Verkauf von Immobilien so einfach und erschwinglich wie m\u00f6glich und bieten verschiedene Verkaufsoptionen, um die maximale Sichtbarkeit Ihrer Immobilien zu f\u00f6rdern und Sie schlie\u00dflich als potenziellen K\u00e4ufer zu finden. Wir werden Zeit mit Ihnen verbringen, um Ihre Bed\u00fcrfnisse und Erwartungen zu ermitteln und Ihnen regelm\u00e4\u00dfig mit Aktualisierungen und Ergebnissen Bericht zu erstatten. Ihr Haus ist ein wertvolles Gut, und der Erwerb oder Verkauf in einem wettbewerbsintensiven Markt kann eine komplizierte Angelegenheit sein.<\/p>\n<h3>SUCHEN SIE EINEN LOKALEN IMMOBILIENAGENTEN, DER:<\/h3>\n<section class=\"section-detail-content default-page\">\n<div class=\"container\">\n<div class=\"row\">\n<div class=\"col-lg-8 col-md-8 col-sm-12 col-xs-12 container-contentbar\">\n<div class=\"page-main\">\n<div class=\"article-detail\">\n<article id=\"post-4300\" class=\"post-4300 page type-page status-publish hentry sell-your-property\">\n<div class=\"entry-content\">\n<ul>\n<li>Versteht den Immobilienmarkt und wird Ihre Immobilie effektiv vermarktet und verkauft?<\/li>\n<li>7 Tage die Woche ge\u00f6ffnet, damit K\u00e4ufer jederzeit Anfragen stellen und Angebote abgeben k\u00f6nnen?<\/li>\n<li>M\u00f6chten Sie Ihr Haus in k\u00fcrzester Zeit verkaufen und gleichzeitig Ihren Gewinn maximieren?<\/li>\n<\/ul>\n<h3>WAS TRAUMHAUS SPANIEN TUT F\u00dcR SIE?<\/h3>\n<p>Wenn Sie Ihr Haus bei uns verkaufen, helfen wir Ihnen dabei:<\/p>\n<ul>\n<li>\u00a0F\u00fchren Sie ein vollst\u00e4ndiges Immobilienprofil Ihres Hauses durch, einschlie\u00dflich des aktuellen Zustands, der Lage, der Umgebung und der Besonderheiten<\/li>\n<li>\u00a0Machen Sie eine vergleichende Marktanalyse, die Ihnen zeigt, wof\u00fcr H\u00e4user in Ihrer Region in den letzten Monaten verkauft wurden<\/li>\n<li>\u00a0Vereinbaren Sie mit Ihnen einen Preis f\u00fcr Ihr Haus, mit dem Ziel, es schnell zu verkaufen und gleichzeitig Ihren Gewinn zu maximieren<\/li>\n<li>\u00a0Vermarkten Sie Ihr Zuhause \u00fcber Internet, Zeitungswerbung, Blogs, Social Media-Kan\u00e4le und verschiedene andere Websites.<\/li>\n<li>\u00a0Helfen Sie mit dem K\u00e4ufer zu verhandeln, um den besten Verkaufspreis zu erzielen<\/li>\n<li>\u00a0Sichern Sie sich die Unterst\u00fctzung anderer Fachkr\u00e4fte, die Sie w\u00e4hrend des Verkaufsprozesses ben\u00f6tigen<\/li>\n<li>\u00a0Stellen Sie sicher, dass alle erforderlichen Unterlagen vollst\u00e4ndig und aktuell sind<\/li>\n<li>\u00a0Ihnen helfen, einen Energieausweis zu erhalten<\/li>\n<li>\u00a0Treffen Sie sich beim Notar, um den Verkauf Ihrer Immobilie offiziell zu unterzeichnen<\/li>\n<\/ul>\n<p><strong>Wir haben rund um die Uhr ge\u00f6ffnet - auch am Sonntag<\/strong><\/p>\n<p>Die meisten K\u00e4ufer surfen abends im Internet und m\u00f6chten sich am Wochenende Immobilien ansehen. Die meisten Immobilienmakler sind geschlossen! Bei Andalucia Homes m\u00fcssen Sie sich nicht darum k\u00fcmmern, eine Anfrage oder ein Angebot zu verpassen.<\/p>\n<h3 class=\"post-title\">SACHVERSTAND<\/h3>\n<p class=\"post-title\" style=\"text-align: justify;\">Wir verf\u00fcgen \u00fcber mehr als 25 Jahre Erfahrung und fundierte Kenntnisse des heutigen Immobilienmarktes. Unsere globale Webpr\u00e4senz gibt Ihrer Immobilie die M\u00f6glichkeit, den perfekten K\u00e4ufer f\u00fcr Ihr Zuhause zu finden. Dream Homes Spain verf\u00fcgt \u00fcber ein Portfolio von Immobiliendienstleistungen, die Sie in jeder Phase Ihrer Immobilientransaktion unterst\u00fctzen.<\/p>\n<h3 class=\"post-title\">WISSEN<\/h3>\n<p class=\"post-title\" style=\"text-align: justify;\">Der heutige Heimatmarkt verlangt eine anspruchsvolle Repr\u00e4sentation. Wir werden von modernster Technologie und dynamischem Management unterst\u00fctzt, um maximale Ergebnisse zu erzielen, die auf Ihre pers\u00f6nlichen Bed\u00fcrfnisse zugeschnitten sind.<\/p>\n<p class=\"post-title\"><strong>VERL\u00c4SSLICHKEIT<\/strong><\/p>\n<p class=\"post-title\" style=\"text-align: justify;\">Wenn Sie an den effektivsten Bewertungs-, Marketing- und Werbesystemen interessiert sind, die derzeit auf dem Immobilienmarkt verf\u00fcgbar sind, suchen Sie nicht weiter. Bei DREAM HOMES SPAIN finden Sie hochqualifizierte Fachkr\u00e4fte, die sich den h\u00f6chsten Standards verschrieben haben.<\/p>\n<h3 class=\"post-title\">EXPOSITION<\/h3>\n<p class=\"post-title\" style=\"text-align: justify;\">Um eine lokale Bekanntheit zu erzielen, empfehlen wir M\u00f6glichkeiten, die f\u00fcr Sie am besten geeignet sind, einschlie\u00dflich lokaler und globaler Werbung in Printmedien und Webportalen, auf unseren eigenen Websites und in unserem Direktmailingsystem.<\/p>\n<h3 class=\"post-title\">RESSOURCEN<\/h3>\n<p class=\"post-title\" style=\"text-align: justify;\">Mit unserem un\u00fcbertroffenen Know-how, technologischem Know-how und Teamwork bietet Ihnen DREAM HOMES SPAIN eine F\u00fclle von Ressourcen, die Ihnen zur Verf\u00fcgung stehen.<\/p>\n<h3>PREISBERATUNG BEIM VERKAUF IHRES OBJEKTS<\/h3>\n<p class=\"post-title\" style=\"text-align: justify;\">Erw\u00e4gen Sie immer die Preisgestaltung mit einem gewissen Ma\u00df an Verhandlung. Auf Ihren Wunsch werden wir Ihre Immobilie besuchen, um eine gr\u00fcndliche Bewertung vorzunehmen und Fotos zu machen, die uns die Informationen liefern, die wir ben\u00f6tigen, um Ihr Haus in unsere Datenbank aufzunehmen und Ihr Haus an der richtigen Stelle zu bewerben. Unsere Aufgabe ist es, sicherzustellen, dass der K\u00e4ufer sofort Zugang zu den Details Ihrer Immobilie hat.<\/p>\n<hr \/>\n<h3 class=\"post-title\" style=\"text-align: left;\">Was unsere Kunden sagen &amp; #8230;<\/h3>\n<p class=\"post-title\"><div id=\"testimonial_rotator_wrap_1457\" class=\"testimonial_rotator_wrap\">\n\t<div id=\"testimonial_rotator_1457\" class=\"testimonial_rotator  cycletwo-slideshow format-rotator template-default hreview-aggregate\" data-cycletwo-timeout=\"3000\" data-cycletwo-speed=\"1000\" data-cycletwo-pause-on-hover=\"true\"  data-cycletwo-swipe=\"true\" data-cycletwo-fx=\"scrollVert\" data-cycletwo-auto-height=\"calc\" data-cycletwo-slides=\"> div.slide\" data-cycletwo-log=\"false\" >\n<div class=\"slide slide1 testimonial_rotator_slide hreview itemreviewed item has-image cf-tr\">\n<div class=\"testimonial_rotator_img img\"><img width=\"300\" height=\"200\" src=\"https:\/\/www.nerja-homes.com\/wp-content\/uploads\/2021\/02\/1photo-300x200.png\" class=\"attachment-medium size-medium wp-post-image\" alt=\"1photo\" decoding=\"async\" loading=\"lazy\" srcset=\"https:\/\/www.nerja-homes.com\/wp-content\/uploads\/2021\/02\/1photo-300x200.png 300w, https:\/\/www.nerja-homes.com\/wp-content\/uploads\/2021\/02\/1photo.png 315w\" sizes=\"(max-width: 300px) 100vw, 300px\" \/><\/div>\n<div class=\"text testimonial_rotator_description\">\n<h3 class=\"testimonial_rotator_slide_title\">Highly Recommended Agent<\/h3>\n<div class=\"testimonial_rotator_stars cf-tr\">\n<span class=\"testimonial_rotator_star testimonial_rotator_star_1\"><i class=\"fa fa-star\"><\/i><\/span><span class=\"testimonial_rotator_star testimonial_rotator_star_2\"><i class=\"fa fa-star\"><\/i><\/span><span class=\"testimonial_rotator_star testimonial_rotator_star_3\"><i class=\"fa fa-star\"><\/i><\/span><span class=\"testimonial_rotator_star testimonial_rotator_star_4\"><i class=\"fa fa-star\"><\/i><\/span><span class=\"testimonial_rotator_star testimonial_rotator_star_5\"><i class=\"fa fa-star\"><\/i><\/span><\/div>\n<div class=\"testimonial_rotator_quote\">\nLorem ipsum dolor sit amet, consectetur adipiscing elit. Vivamus luctus urna sed urna ultricies ac tempor dui sagittis. In condimentum facilisis porta. Sed nec diam eu diam mattis viverra. Nulla fringilla, orci ac euismod semper, magna diam porttitor mauris, quis sollicitudin sapie<\/div>\n<div class=\"testimonial_rotator_author_info cf-tr\">\n<p>Gerlinde Holmer, Buyer, Germany<\/p>\n<\/div>\n<\/div>\n\t<div class=\"testimonial_rotator_microdata\">\n\t<div class=\"rating\">5<\/div>\n\t<div class=\"dtreviewed\"> 2021-02-11T21:03:36+02:00<\/div>\t<div class=\"reviewer\"> \t<div class=\"fn\"> <p>Gerlinde Holmer, Buyer, Germany<\/p>\n<\/div><img width=\"150\" height=\"150\" src=\"https:\/\/www.nerja-homes.com\/wp-content\/uploads\/2021\/02\/1photo-150x150.png\" class=\"photo wp-post-image\" alt=\"1photo\" decoding=\"async\" loading=\"lazy\" srcset=\"https:\/\/www.nerja-homes.com\/wp-content\/uploads\/2021\/02\/1photo-150x150.png 150w, https:\/\/www.nerja-homes.com\/wp-content\/uploads\/2021\/02\/1photo-100x100.png 100w\" sizes=\"(max-width: 150px) 100vw, 150px\" \/>\t<\/div>Lorem ipsum dolor sit amet, consectetur adipiscing elit. Vivamus luctus urna sed urna ultricies ac tempor dui sagittis. In condimentum facilisis porta. Sed nec diam eu diam mattis viverra. Nulla fringilla, orci ac euismod semper, magna diam porttitor mauris, quis sollicitudin sapie\t<div class=\"summary\"> <\/div>\t<div class=\"permalink\"> https:\/\/www.nerja-homes.com\/de\/testimonials\/highly-recommended-agent\/<\/div>\t<\/div><!-- .testimonial_rotator_microdata -->\n<\/div>\n<div class=\"slide slide2 testimonial_rotator_slide hreview itemreviewed item has-image cf-tr\">\n<div class=\"testimonial_rotator_img img\"><img width=\"187\" height=\"164\" src=\"https:\/\/www.nerja-homes.com\/wp-content\/uploads\/2021\/02\/4photo.png\" class=\"attachment-medium size-medium wp-post-image\" alt=\"4photo\" decoding=\"async\" loading=\"lazy\" \/><\/div>\n<div class=\"text testimonial_rotator_description\">\n<h3 class=\"testimonial_rotator_slide_title\">Tom Tomy<\/h3>\n<div class=\"testimonial_rotator_stars cf-tr\">\n<span class=\"testimonial_rotator_star testimonial_rotator_star_1\"><i class=\"fa fa-star\"><\/i><\/span><span class=\"testimonial_rotator_star testimonial_rotator_star_2\"><i class=\"fa fa-star\"><\/i><\/span><span class=\"testimonial_rotator_star testimonial_rotator_star_3\"><i class=\"fa fa-star\"><\/i><\/span><span class=\"testimonial_rotator_star testimonial_rotator_star_4\"><i class=\"fa fa-star\"><\/i><\/span><\/div>\n<div class=\"testimonial_rotator_quote\">\n<p style=\"text-align: justify;\">Lorem ipsum dolor sit amet, consectetur adipiscing elit. Vivamus luctus urna sed urna ultricies ac tempor dui sagittis. In condimentum facilisis porta. Sed nec diam eu diam mattis viverra. Nulla fringilla, orci ac euismod semper, magna diam porttitor mauris, quis sollicitudin sapien justo in libero<\/p><\/div>\n<div class=\"testimonial_rotator_author_info cf-tr\">\n<p>Buyer, London \/ UK<\/p>\n<\/div>\n<\/div>\n\t<div class=\"testimonial_rotator_microdata\">\n\t<div class=\"rating\">4<\/div>\n\t<div class=\"dtreviewed\"> 2021-02-11T21:26:37+02:00<\/div>\t<div class=\"reviewer\"> \t<div class=\"fn\"> <p>Buyer, London \/ UK<\/p>\n<\/div><img width=\"150\" height=\"150\" src=\"https:\/\/www.nerja-homes.com\/wp-content\/uploads\/2021\/02\/4photo-150x150.png\" class=\"photo wp-post-image\" alt=\"4photo\" decoding=\"async\" loading=\"lazy\" srcset=\"https:\/\/www.nerja-homes.com\/wp-content\/uploads\/2021\/02\/4photo-150x150.png 150w, https:\/\/www.nerja-homes.com\/wp-content\/uploads\/2021\/02\/4photo-100x100.png 100w\" sizes=\"(max-width: 150px) 100vw, 150px\" \/>\t<\/div>Lorem ipsum dolor sit amet, consectetur adipiscing elit. Vivamus luctus urna sed urna ultricies ac tempor dui sagittis. In condimentum facilisis porta. Sed nec diam eu diam mattis viverra. Nulla fringilla, orci ac euismod semper, magna diam porttitor mauris, quis sollicitudin sapien justo in libero\t<div class=\"summary\"> <\/div>\t<div class=\"permalink\"> https:\/\/www.nerja-homes.com\/de\/testimonials\/tom-tomy\/<\/div>\t<\/div><!-- .testimonial_rotator_microdata -->\n<\/div>\n<div class=\"slide slide3 testimonial_rotator_slide hreview itemreviewed item has-image cf-tr\">\n<div class=\"testimonial_rotator_img img\"><img width=\"300\" height=\"233\" src=\"https:\/\/www.nerja-homes.com\/wp-content\/uploads\/2021\/02\/3photo-300x233.png\" class=\"attachment-medium size-medium wp-post-image\" alt=\"3photo\" decoding=\"async\" loading=\"lazy\" srcset=\"https:\/\/www.nerja-homes.com\/wp-content\/uploads\/2021\/02\/3photo-300x233.png 300w, https:\/\/www.nerja-homes.com\/wp-content\/uploads\/2021\/02\/3photo.png 431w\" sizes=\"(max-width: 300px) 100vw, 300px\" \/><\/div>\n<div class=\"text testimonial_rotator_description\">\n<h3 class=\"testimonial_rotator_slide_title\">Very helpful and friendly<\/h3>\n<div class=\"testimonial_rotator_stars cf-tr\">\n<span class=\"testimonial_rotator_star testimonial_rotator_star_1\"><i class=\"fa fa-star\"><\/i><\/span><span class=\"testimonial_rotator_star testimonial_rotator_star_2\"><i class=\"fa fa-star\"><\/i><\/span><span class=\"testimonial_rotator_star testimonial_rotator_star_3\"><i class=\"fa fa-star\"><\/i><\/span><span class=\"testimonial_rotator_star testimonial_rotator_star_4\"><i class=\"fa fa-star\"><\/i><\/span><\/div>\n<div class=\"testimonial_rotator_quote\">\n<p style=\"text-align: justify;\">Lorem ipsum dolor sit amet, consectetur adipiscing elit. Vivamus luctus urna sed urna ultricies ac tempor dui sagittis. In condimentum facilisis porta. Sed nec diam eu diam mattis viverra. Nulla fringilla, orci ac euismod semper, magna diam porttitor mauris, quis sollicitudin sapien justo in libero. Vestibulum mollis ma<\/p><\/div>\n<div class=\"testimonial_rotator_author_info cf-tr\">\n<p>Nicola Brenda, Buyer \/ Belgium<\/p>\n<\/div>\n<\/div>\n\t<div class=\"testimonial_rotator_microdata\">\n\t<div class=\"rating\">4<\/div>\n\t<div class=\"dtreviewed\"> 2021-02-11T21:30:27+02:00<\/div>\t<div class=\"reviewer\"> \t<div class=\"fn\"> <p>Nicola Brenda, Buyer \/ Belgium<\/p>\n<\/div><img width=\"150\" height=\"150\" src=\"https:\/\/www.nerja-homes.com\/wp-content\/uploads\/2021\/02\/3photo-150x150.png\" class=\"photo wp-post-image\" alt=\"3photo\" decoding=\"async\" loading=\"lazy\" srcset=\"https:\/\/www.nerja-homes.com\/wp-content\/uploads\/2021\/02\/3photo-150x150.png 150w, https:\/\/www.nerja-homes.com\/wp-content\/uploads\/2021\/02\/3photo-100x100.png 100w\" sizes=\"(max-width: 150px) 100vw, 150px\" \/>\t<\/div>Lorem ipsum dolor sit amet, consectetur adipiscing elit. Vivamus luctus urna sed urna ultricies ac tempor dui sagittis. In condimentum facilisis porta. Sed nec diam eu diam mattis viverra. Nulla fringilla, orci ac euismod semper, magna diam porttitor mauris, quis sollicitudin sapien justo in libero. Vestibulum mollis ma\t<div class=\"summary\"> <\/div>\t<div class=\"permalink\"> https:\/\/www.nerja-homes.com\/de\/testimonials\/very-helpful-and-friendly\/<\/div>\t<\/div><!-- .testimonial_rotator_microdata -->\n<\/div>\n<div class=\"testimonial_rotator_microdata\">\n\t<div class=\"rating\">4.3<\/div>\n\t<div class=\"count\">3<\/div>\n\t<div class=\"item\"><div class=\"fn\"><\/div><\/div>\n<\/div>\n<\/div><!-- #testimonial_rotator_1457 -->\n<\/div><!-- .testimonial_rotator_wrap -->\n\n<\/p>\n<hr \/>\n<h3>KONTAKTIEREN SIE UNS, WENN SIE IHR OBJEKT MIT UNS VERKAUFEN WOLLEN<\/h3>\n<div class=\"listing\">\n<p style=\"text-align: justify;\">Wenn Sie ein Landhaus, eine Villa, eine Wohnung, ein Stadthaus oder ein Grundst\u00fcck verkaufen m\u00f6chten, w\u00fcrden wir uns freuen, von Ihnen zu h\u00f6ren. Bitte f\u00fcllen Sie das unten stehende Online-Formular aus und wir werden Sie so schnell wie m\u00f6glich kontaktieren, um einen Termin zur Besichtigung Ihrer Immobilie, zum Fotografieren oder zum Erstellen eines Videos zu vereinbaren und mit Ihnen den Verkaufspreis, die Marketingstrategien Ihrer Immobilie und vieles mehr zu besprechen.<\/p>\n<div role=\"form\" class=\"wpcf7\" id=\"wpcf7-f1102-o1\" lang=\"en-US\" dir=\"ltr\">\n<div class=\"screen-reader-response\"><\/div>\n<form action=\"\/de\/wp-json\/wp\/v2\/pages\/919#wpcf7-f1102-o1\" method=\"post\" class=\"wpcf7-form wpcf7-acceptance-as-validation\" novalidate=\"novalidate\" data-trp-original-action=\"\/de\/wp-json\/wp\/v2\/pages\/919#wpcf7-f1102-o1\">\n<div style=\"display: none;\">\n<input type=\"hidden\" name=\"_wpcf7\" value=\"1102\" \/>\n<input type=\"hidden\" name=\"_wpcf7_version\" value=\"4.4.2\" \/>\n<input type=\"hidden\" name=\"_wpcf7_locale\" value=\"en_US\" \/>\n<input type=\"hidden\" name=\"_wpcf7_unit_tag\" value=\"wpcf7-f1102-o1\" \/>\n<input type=\"hidden\" name=\"_wpnonce\" value=\"413eec0642\" \/>\n<\/div>\n<div class=\"form_div\">\n<p class=\"form_label\">Name*<\/p>\n<p>    <span class=\"wpcf7-form-control-wrap your-name\"><input type=\"text\" name=\"your-name\" value=\"\" size=\"40\" class=\"wpcf7-form-control wpcf7-text wpcf7-validates-as-required form_name\" aria-required=\"true\" aria-invalid=\"false\" \/><\/span> <\/p>\n<p class=\"form_label\">Deine E-Mail*<\/p>\n<p>  <span class=\"wpcf7-form-control-wrap your-email\"><input type=\"email\" name=\"your-email\" value=\"\" size=\"40\" class=\"wpcf7-form-control wpcf7-text wpcf7-email wpcf7-validates-as-required wpcf7-validates-as-email form_email\" aria-required=\"true\" aria-invalid=\"false\" \/><\/span> <\/p>\n<p class=\"form_label\">Telefon*<\/p>\n<p> <span class=\"wpcf7-form-control-wrap telephone\"><input type=\"tel\" name=\"telephone\" value=\"\" size=\"40\" class=\"wpcf7-form-control wpcf7-text wpcf7-tel wpcf7-validates-as-required wpcf7-validates-as-tel form_telephone\" aria-required=\"true\" aria-invalid=\"false\" \/><\/span> <\/p>\n<p class=\"form_label\">W\u00e4hlen Sie den Immobilientyp *<\/p>\n<p>  <span class=\"wpcf7-form-control-wrap type\"><select name=\"type\" class=\"wpcf7-form-control wpcf7-select wpcf7-validates-as-required form_type\" aria-required=\"true\" aria-invalid=\"false\"><option value=\"\">---<\/option><option value=\"Apartment\">Wohnung<\/option><option value=\"Commercial\">Kommerziell<\/option><option value=\"Country House\">Landhaus<\/option><option value=\"Plot\">Handlung<\/option><option value=\"Town House\">Stadthaus<\/option><option value=\"Villa\">Villa<\/option><\/select><\/span><\/p>\n<p class=\"form_label\">Schlafzimmer ausw\u00e4hlen<\/p>\n<p>  <span class=\"wpcf7-form-control-wrap bedrooms\"><select name=\"bedrooms\" class=\"wpcf7-form-control wpcf7-select form_bedrooms\" aria-invalid=\"false\"><option value=\"\">---<\/option><option value=\"1\">1<\/option><option value=\"2\">2<\/option><option value=\"3\">3<\/option><option value=\"4\">4<\/option><option value=\"5\">5<\/option><option value=\"6\">6<\/option><\/select><\/span><\/p>\n<p class=\"form_label\">W\u00e4hlen Sie Badezimmer<\/p>\n<p>  <span class=\"wpcf7-form-control-wrap bathrooms\"><select name=\"bathrooms\" class=\"wpcf7-form-control wpcf7-select form_bathrooms\" aria-invalid=\"false\"><option value=\"\">---<\/option><option value=\"1\">1<\/option><option value=\"2\">2<\/option><option value=\"3\">3<\/option><option value=\"4\">4<\/option><option value=\"5\">5<\/option><option value=\"6\">6<\/option><\/select><\/span><\/p>\n<p class=\"form_label\">Grundst\u00fccksgr\u00f6\u00dfe (m2)<\/p>\n<p>  <span class=\"wpcf7-form-control-wrap property_size\"><input type=\"text\" name=\"property_size\" value=\"\" size=\"40\" class=\"wpcf7-form-control wpcf7-text form_pr_size\" aria-invalid=\"false\" \/><\/span> <\/p>\n<p class=\"form_label\">Grundst\u00fccksgr\u00f6\u00dfe (m2)<\/p>\n<p>  <span class=\"wpcf7-form-control-wrap plot_size\"><input type=\"text\" name=\"plot_size\" value=\"\" size=\"40\" class=\"wpcf7-form-control wpcf7-text form_pl_size\" aria-invalid=\"false\" \/><\/span> <\/p>\n<p class=\"form_label\">Schwimmbad<\/p>\n<p> <span class=\"wpcf7-form-control-wrap pool\"><select name=\"pool\" class=\"wpcf7-form-control wpcf7-select form_pool\" aria-invalid=\"false\"><option value=\"\">---<\/option><option value=\"Yes\">Ja<\/option><option value=\"No\">Nein<\/option><\/select><\/span> <\/p>\n<p class=\"form_label\">Energieausweis<\/p>\n<p> <span class=\"wpcf7-form-control-wrap ecertificate\"><select name=\"ecertificate\" class=\"wpcf7-form-control wpcf7-select form_certificate\" aria-invalid=\"false\"><option value=\"\">---<\/option><option value=\"Yes\">Ja<\/option><option value=\"No\">Nein<\/option><\/select><\/span> <\/p>\n<p class=\"form_label\">Lage*<\/p>\n<p>  <span class=\"wpcf7-form-control-wrap location\"><select name=\"location\" class=\"wpcf7-form-control wpcf7-select wpcf7-validates-as-required form_location\" aria-required=\"true\" aria-invalid=\"false\"><option value=\"\">---<\/option><option value=\"Arenas\">Arenen<\/option><option value=\"Competa\">Competa<\/option><option value=\"Fuengirola\">Fuengirola<\/option><option value=\"Malaga\">Malaga<\/option><option value=\"Marbella\">Marbella<\/option><option value=\"Nerja\">Nerja<\/option><option value=\"Rincon de la Victoria\">Rincon de la Victoria<\/option><option value=\"San Pedro de Alcantara\">San Pedro de Alcantara<\/option><option value=\"Torre del Mar\">Torre del Mar<\/option><option value=\"Torrox Costa\">Torrox Costa<\/option><option value=\"Velez-Malaga\">Velez-Malaga<\/option><\/select><\/span><\/p>\n<p class=\"form_label\">Preisvorstellung (\u20ac) *<\/p>\n<p>  <span class=\"wpcf7-form-control-wrap price\"><input type=\"text\" name=\"price\" value=\"\" size=\"40\" class=\"wpcf7-form-control wpcf7-text wpcf7-validates-as-required form_price\" aria-required=\"true\" aria-invalid=\"false\" \/><\/span> <\/p>\n<p class=\"form_label\">Beschreiben Sie Ihre Immobilie und \/ oder f\u00fcgen Sie Ihre Kommentare hinzu *<\/p>\n<p>    <span class=\"wpcf7-form-control-wrap describe_property\"><textarea name=\"describe_property\" cols=\"40\" rows=\"10\" class=\"wpcf7-form-control wpcf7-textarea wpcf7-validates-as-required\" aria-required=\"true\" aria-invalid=\"false\"><\/textarea><\/span> <\/p>\n<p><span class=\"wpcf7-form-control-wrap acceptance-324\"><input type=\"checkbox\" name=\"acceptance-324\" value=\"1\" class=\"wpcf7-form-control wpcf7-acceptance\" aria-invalid=\"false\" \/><\/span>  I agree to the <a href=\"https:\/\/www.nerja-homes.com\/de\/privacy-policy\/\">Datenschutz-Bestimmungen<\/a> of this website<\/p>\n<div class=\"wpcf7-form-control-wrap\"><div data-sitekey=\"6Lcs1CIkAAAAACDXMS6X6AOyUlso3nvHmlVZMDkk\" class=\"wpcf7-form-control g-recaptcha wpcf7-recaptcha\"><\/div>\n<noscript>\n\t<div style=\"width: 302px; height: 422px;\">\n\t\t<div style=\"width: 302px; height: 422px; position: relative;\">\n\t\t\t<div style=\"width: 302px; height: 422px; position: absolute;\">\n\t\t\t\t<iframe src=\"https:\/\/www.google.com\/recaptcha\/api\/fallback?k=6Lcs1CIkAAAAACDXMS6X6AOyUlso3nvHmlVZMDkk\" frameborder=\"0\" scrolling=\"no\" style=\"width: 302px; height:422px; border-style: none;\">\n\t\t\t\t<\/iframe>\n\t\t\t<\/div>\n\t\t\t<div style=\"width: 300px; height: 60px; border-style: none; bottom: 12px; left: 25px; margin: 0px; padding: 0px; right: 25px; background: #f9f9f9; border: 1px solid #c1c1c1; border-radius: 3px;\">\n\t\t\t\t<textarea id=\"g-recaptcha-response\" name=\"g-recaptcha-response\" class=\"g-recaptcha-response\" style=\"width: 250px; height: 40px; border: 1px solid #c1c1c1; margin: 10px 25px; padding: 0px; resize: none;\">\n\t\t\t\t<\/textarea>\n\t\t\t<\/div>\n\t\t<\/div>\n\t<\/div>\n<\/noscript>\n<\/div>\n<p class=\"form_send\"><input type=\"submit\" value=\"Email Abschicken\" class=\"wpcf7-form-control wpcf7-submit\" \/><\/p>\n<\/div>\n<div class=\"wpcf7-response-output wpcf7-display-none\"><\/div><input type=\"hidden\" name=\"trp-form-language\" value=\"de\"\/><\/form><\/div>\n<\/div>\n<\/div>\n<\/article>\n<\/div>\n<\/div>\n<\/div>\n<\/div>\n<\/div>\n<\/section>","protected":false},"excerpt":{"rendered":"<p>DREAM HOMES SPAIN\u00a0is dedicated to effectively marketing and selling properties in all price ranges. We&#8230;<\/p>","protected":false},"author":848,"featured_media":0,"parent":0,"menu_order":0,"comment_status":"closed","ping_status":"closed","template":"","meta":[],"_links":{"self":[{"href":"https:\/\/www.nerja-homes.com\/de\/wp-json\/wp\/v2\/pages\/919"}],"collection":[{"href":"https:\/\/www.nerja-homes.com\/de\/wp-json\/wp\/v2\/pages"}],"about":[{"href":"https:\/\/www.nerja-homes.com\/de\/wp-json\/wp\/v2\/types\/page"}],"author":[{"embeddable":true,"href":"https:\/\/www.nerja-homes.com\/de\/wp-json\/wp\/v2\/users\/848"}],"replies":[{"embeddable":true,"href":"https:\/\/www.nerja-homes.com\/de\/wp-json\/wp\/v2\/comments?post=919"}],"version-history":[{"count":2,"href":"https:\/\/www.nerja-homes.com\/de\/wp-json\/wp\/v2\/pages\/919\/revisions"}],"predecessor-version":[{"id":1472,"href":"https:\/\/www.nerja-homes.com\/de\/wp-json\/wp\/v2\/pages\/919\/revisions\/1472"}],"wp:attachment":[{"href":"https:\/\/www.nerja-homes.com\/de\/wp-json\/wp\/v2\/media?parent=919"}],"curies":[{"name":"wp","href":"https:\/\/api.w.org\/{rel}","templated":true}]}}