{"id":753,"date":"2016-08-22T11:56:18","date_gmt":"2016-08-22T09:56:18","guid":{"rendered":"http:\/\/www.myspanish-properties.com\/?page_id=753"},"modified":"2019-04-21T17:38:58","modified_gmt":"2019-04-21T15:38:58","slug":"inspection-visits","status":"publish","type":"page","link":"https:\/\/www.nerja-homes.com\/de\/inspection-visits\/","title":{"rendered":"Besichtigung von Immobilien"},"content":{"rendered":"<p style=\"text-align: justify;\">Unsere Immobilien-Wochenend-Inspektionsbesuche sind ma\u00dfgeschneidert, auf einer individuellen \/ pers\u00f6nlichen Basis, um Ihnen zu erm\u00f6glichen, Eigenschaften zu betrachten, um Ihren spezifischen Anforderungen zu entsprechen. Dieser Inspektionsbesuch ist f\u00fcr diejenigen, die einen gesch\u00e4ftigen Lebensstil haben und keine Zeit haben, Spanien w\u00e4hrend der Woche zu besuchen, und wollen nicht die M\u00fche der Suche nach einer Unterkunft und ein Auto mieten. Da wir in der Gegend leben und arbeiten und seit \u00fcber 25 Jahren im Immobiliengesch\u00e4ft t\u00e4tig sind, wissen wir, wonach unsere Kunden suchen. Unser Besichtigungspaket f\u00fcr Immobilienbesichtigungen ist an Wochenenden verf\u00fcgbar und umfasst:<\/p>\n<ul>\n<li>Abholung vom Flughafen Malaga mit dem Taxi<\/li>\n<li>Bringen Sie zu Ihrer Wohnung<\/li>\n<li>Besuch der Eigenschaften, die wir vor Ihrer Ankunft vereinbart haben<\/li>\n<li>Pers\u00f6nliche Eins-zu-Eins-Aufmerksamkeit<\/li>\n<li>Kostenlose rechtliche und finanzielle Beratung<\/li>\n<li>Besuchen Sie erneut die Eigenschaften Ihrer Wahl<\/li>\n<li>Diskussion von rechtlichen und finanziellen Angelegenheiten<\/li>\n<li>R\u00fccktransfer mit dem Taxi zum Flughafen Malaga<\/li>\n<\/ul>\n<p style=\"text-align: justify;\">Die Kosten f\u00fcr dieses Immobilien-Inspektionspaket betragen 250 EUR pro Paar und m\u00fcssen bei der Buchung bezahlt werden. Mahlzeiten sind nicht in diesem Paket enthalten, k\u00f6nnen aber gegen Aufpreis arrangiert werden. Sollten Sie sich entscheiden, eines unserer Objekte zu kaufen, werden diese Kosten am Tag der Unterzeichnung des Eigentumstitels zur\u00fcckerstattet. Wenn Sie einen Inspektionsbesuch buchen m\u00f6chten, kontaktieren Sie uns bitte.<\/p>\n<p>[testimonial_view id = &amp; #8221; 1 &amp; #8243;]<\/p>","protected":false},"excerpt":{"rendered":"<p>Our Property weekend Inspection Visits are tailor-made, on an individual \/ personal basis to enable&#8230;<\/p>","protected":false},"author":848,"featured_media":0,"parent":0,"menu_order":0,"comment_status":"closed","ping_status":"closed","template":"","meta":[],"_links":{"self":[{"href":"https:\/\/www.nerja-homes.com\/de\/wp-json\/wp\/v2\/pages\/753"}],"collection":[{"href":"https:\/\/www.nerja-homes.com\/de\/wp-json\/wp\/v2\/pages"}],"about":[{"href":"https:\/\/www.nerja-homes.com\/de\/wp-json\/wp\/v2\/types\/page"}],"author":[{"embeddable":true,"href":"https:\/\/www.nerja-homes.com\/de\/wp-json\/wp\/v2\/users\/848"}],"replies":[{"embeddable":true,"href":"https:\/\/www.nerja-homes.com\/de\/wp-json\/wp\/v2\/comments?post=753"}],"version-history":[{"count":0,"href":"https:\/\/www.nerja-homes.com\/de\/wp-json\/wp\/v2\/pages\/753\/revisions"}],"wp:attachment":[{"href":"https:\/\/www.nerja-homes.com\/de\/wp-json\/wp\/v2\/media?parent=753"}],"curies":[{"name":"wp","href":"https:\/\/api.w.org\/{rel}","templated":true}]}}