{"id":240,"date":"2016-07-02T17:20:53","date_gmt":"2016-07-02T15:20:53","guid":{"rendered":"http:\/\/www.myspanish-properties.com\/?page_id=240"},"modified":"2021-01-21T20:47:36","modified_gmt":"2021-01-21T18:47:36","slug":"privacy-policy","status":"publish","type":"page","link":"https:\/\/www.nerja-homes.com\/de\/privacy-policy\/","title":{"rendered":"Datenschutz-Bestimmungen"},"content":{"rendered":"<p style=\"text-align: justify;\">MyWebsite.Com (&quot;Site&quot;) ist Eigentum von YourCompanyName und wird von diesem betrieben. Wir respektieren die Privatsph\u00e4re jedes Benutzers der Website (als &quot;Sie&quot; oder &quot;ein Benutzer&quot; bezeichnet), unabh\u00e4ngig davon, ob Sie gerade mit der Immobiliensuche beginnen oder unsere Website bereits besucht haben. Diese Datenschutzerkl\u00e4rung enth\u00e4lt spezifische Informationen dar\u00fcber, wie wir Ihre Privatsph\u00e4re sch\u00fctzen, wie wir mit Informationen umgehen, die wir auf der Website sammeln und die einen einzelnen Benutzer identifizieren (\u201epers\u00f6nliche Informationen\u201c) und wie wir aggregierte Informationen verwenden. Indem Sie sich f\u00fcr die Website registrieren oder diese nutzen, erkl\u00e4ren Sie Ihr Einverst\u00e4ndnis mit dieser Datenschutzerkl\u00e4rung. WENN SIE DIESER DATENSCHUTZERKL\u00c4RUNG NICHT ZUSTIMMEN, K\u00d6NNEN SIE DIE WEBSITE NICHT NUTZEN. Wir behalten uns das Recht vor, diese Erkl\u00e4rung jederzeit durch Ver\u00f6ffentlichung eines Hinweises auf der Homepage der Site zu \u00e4ndern. MyWebsite.Com verpflichtet sich, Ihre Privatsph\u00e4re zu sch\u00fctzen und verwendet hierf\u00fcr Technologien, die Ihnen zugleich leistungsf\u00e4hige und sichere Online-Nutzung erm\u00f6glichen. Diese Datenschutzerkl\u00e4rung geh\u00f6rt zu der Webseite &quot;MyWebsite.Com&quot; und regelt das Erheben und Nutzen Ihrer pers\u00f6nlichen Daten.<\/p>\n<p><strong>Erfassung Ihrer pers\u00f6nlichen Daten<\/strong><\/p>\n<p style=\"text-align: justify;\">MyWebsite.Com speichert personenbezogene Daten wie E-Mail-Adresse, Name, Privat- oder Gesch\u00e4ftsadresse oder Telefonnummer. Zu den Informationen k\u00f6nnen auch Ihre IP-Adresse, der Browsertyp, Dom\u00e4nennamen, Zugriffszeiten und verweisende Website-Adressen geh\u00f6ren. Diese Informationen werden verwendet, um die Servicequalit\u00e4t zu halten und um allgemeine Statistiken bez\u00fcglich MyWebsite.Com zu erstellen.<\/p>\n<p><strong>Verwendung Ihrer pers\u00f6nlichen Informationen<\/strong><\/p>\n<p style=\"text-align: justify;\">MyWebsite.Com collects and uses your personal information to operate the website and deliver the services you have requested, and also uses your personally identifiable information to inform you of other products or services available from MyWebsite.Com. We may also contact you via surveys to conduct research about your opinion of current services or of potential new services that may be offered. MyWebsite.Com does not sell, rent or lease its customer lists to third parties, and does not use or disclose sensitive personal information, such as race, religion, or political affiliations, without your explicit consent. MyWebsite.Com websites will disclose your personal information, without notice, only if required to do so by law or in the good faith belief that such action is necessary to (a) conform to the edicts of the law or comply with legal process served on MyWebsite.Com or the site; (b) protect and defend the rights or property of MyWebsite.Com, and (c) act under exigent circumstances to protect the personal safety of users of MyWebsite.Com, or the public.<\/p>\n<p><strong>Verwendung von Cookies<\/strong><\/p>\n<p style=\"text-align: justify;\">Die Website MyWebsite.Com verwendet \u201eCookies\u201c, um Ihre Online-Erfahrung zu personalisieren. Ein Cookie ist eine Textdatei, die von einem Webseitenserver auf Ihrer Festplatte abgelegt wird. Cookies k\u00f6nnen nicht verwendet werden, um Programme auszuf\u00fchren oder Viren auf Ihren Computer zu \u00fcbertragen. Cookies werden Ihnen eindeutig zugewiesen und k\u00f6nnen nur von einem Webserver in der Domain gelesen werden, die das Cookie f\u00fcr Sie ausgestellt hat. Einer der Hauptzwecke von Cookies ist die Bereitstellung einer praktischen Funktion, mit der Sie Zeit sparen k\u00f6nnen. Der Zweck eines Cookies besteht darin, dem Webserver mitzuteilen, dass Sie zu einer bestimmten Seite zur\u00fcckgekehrt sind. Wenn Sie beispielsweise MyWebsite.Com-Seiten personalisieren oder sich bei MyWebsite.Com registrieren, hilft uns ein Cookie dabei, Ihre spezifischen Informationen bei nachfolgenden Besuchen abzurufen. Dies vereinfacht das Aufzeichnen Ihrer pers\u00f6nlichen Daten wie E-Mail-Adresse usw. Wenn Sie zur MyWebsite.Com-Website zur\u00fcckkehren, k\u00f6nnen die zuvor angegebenen Informationen abgerufen werden, sodass Sie die von Ihnen angepassten MyWebsite.Com-Funktionen problemlos verwenden k\u00f6nnen. Sie k\u00f6nnen Cookies akzeptieren oder ablehnen. Die meisten Webbrowser akzeptieren Cookies automatisch. Sie k\u00f6nnen Ihre Browsereinstellung jedoch normalerweise so \u00e4ndern, dass Cookies abgelehnt werden, wenn Sie dies vorziehen. Wenn Sie Cookies ablehnen, k\u00f6nnen Sie die interaktiven Funktionen der von Ihnen besuchten Dienste oder Websites von MyWebsite.Com m\u00f6glicherweise nicht vollst\u00e4ndig nutzen.<\/p>\n<p><strong>Sicherheit Ihrer pers\u00f6nlichen Daten<\/strong><\/p>\n<p style=\"text-align: justify;\">MyWebsite.Com secures your personal information from unauthorized access, use or disclosure. MyWebsite.Com secures the personally identifiable information you provide on computer servers in a controlled, secure environment, protected from unauthorized access, use or disclosure. When personal information is transmitted to other websites, it is protected through the use of encryption, such as the Secure Socket Layer (SSL) protocol.<\/p>\n<p><strong>\u00c4nderungen dieser Erkl\u00e4rung<\/strong><\/p>\n<p style=\"text-align: justify;\">MyWebsite.Com will occasionally update this Statement of Privacy to reflect company and customer feedback. MyWebsite.Com encourages you to periodically review this Statement to be informed of how we are protecting your information. Copyright \u00a9 2021 by YourCompanyName \/\/ All Rights Reserved.<\/p>","protected":false},"excerpt":{"rendered":"<p>MyWebsite.Com (\u201cSite\u201d) is owned and operated by\u00a0 YourCompanyName. We respect the privacy of each user&#8230;<\/p>","protected":false},"author":848,"featured_media":0,"parent":0,"menu_order":0,"comment_status":"closed","ping_status":"closed","template":"","meta":[],"_links":{"self":[{"href":"https:\/\/www.nerja-homes.com\/de\/wp-json\/wp\/v2\/pages\/240"}],"collection":[{"href":"https:\/\/www.nerja-homes.com\/de\/wp-json\/wp\/v2\/pages"}],"about":[{"href":"https:\/\/www.nerja-homes.com\/de\/wp-json\/wp\/v2\/types\/page"}],"author":[{"embeddable":true,"href":"https:\/\/www.nerja-homes.com\/de\/wp-json\/wp\/v2\/users\/848"}],"replies":[{"embeddable":true,"href":"https:\/\/www.nerja-homes.com\/de\/wp-json\/wp\/v2\/comments?post=240"}],"version-history":[{"count":1,"href":"https:\/\/www.nerja-homes.com\/de\/wp-json\/wp\/v2\/pages\/240\/revisions"}],"predecessor-version":[{"id":1434,"href":"https:\/\/www.nerja-homes.com\/de\/wp-json\/wp\/v2\/pages\/240\/revisions\/1434"}],"wp:attachment":[{"href":"https:\/\/www.nerja-homes.com\/de\/wp-json\/wp\/v2\/media?parent=240"}],"curies":[{"name":"wp","href":"https:\/\/api.w.org\/{rel}","templated":true}]}}