{"id":1261,"date":"2019-03-24T23:22:01","date_gmt":"2019-03-24T21:22:01","guid":{"rendered":"https:\/\/www.nerja-homes.com\/?page_id=1261"},"modified":"2019-03-25T22:29:09","modified_gmt":"2019-03-25T20:29:09","slug":"energy-performance-certificates","status":"publish","type":"page","link":"https:\/\/www.nerja-homes.com\/de\/energy-performance-certificates\/","title":{"rendered":"ENERGIEZERTIFIKATE (EPC)"},"content":{"rendered":"<h2><span class=\"span_color_orange\">Energieausweise (EPC)<\/span><\/h2>\n<p style=\"text-align: justify;\">Ein Energieausweis ist ein Bericht, aus dem hervorgeht, wie effizient ein Haus in Bezug auf den Energieverbrauch ist. Es ordnet eine Energiebewertung auf einer Skala zu, die von \u201eA\u201c (am effizientesten) bis \u201eG\u201c (geringe Leistung) reicht. Der EPC hat direkt nichts mit der Bauqualit\u00e4t der Immobilie zu tun, sondern zeigt lediglich die Energieeffizienz des Geb\u00e4udes in Bezug auf fossile Brennstoffe und die in die Umwelt freigesetzten CO2 (Kohlendioxid) -Emissionen.<\/p>\n<p style=\"text-align: justify;\"><img decoding=\"async\" loading=\"lazy\" class=\"size-full wp-image-5303 alignleft\" src=\"https:\/\/micasa24.net\/wp-content\/uploads\/2018\/03\/energy-certificate.png\" sizes=\"(max-width: 267px) 100vw, 267px\" srcset=\"https:\/\/www.micasa24.net\/wp-content\/uploads\/2018\/03\/energy-certificate.png 267w, https:\/\/www.micasa24.net\/wp-content\/uploads\/2018\/03\/energy-certificate-150x104.png 150w\" alt=\"\" width=\"267\" height=\"186\" \/>Mit diesem Zertifikat soll die Gesamtenergieeffizienz von Geb\u00e4uden gem\u00e4\u00df den europ\u00e4ischen Rechtsvorschriften gemessen und verglichen werden. Das Zertifikat ist 10 Jahre g\u00fcltig. Um die Energieeffizienz seines Hauses zu verbessern (bessere Bewertungsskala), kann der Eigent\u00fcmer den Empfehlungen im Zertifikat seiner Immobilie folgen. Der Energieausweis (Energy Performance Certificate, EPC) ist nun eine Anforderung und rechtliche Verpflichtung f\u00fcr jeden Immobilieneigent\u00fcmer, der seine Immobilie vermarkten, verkaufen oder vermieten m\u00f6chte. Ohne diese Bescheinigung kann der Eigent\u00fcmer einer Immobilie seine Immobilie nicht verkaufen, da der Notar den EPC nach Abschluss eines Verkaufs verlangt.<\/p>\n<h2 style=\"text-align: justify;\"><\/h2>","protected":false},"excerpt":{"rendered":"<p>Energy Performance Certificates (EPC) An Energy Performance Certificate is a report that shows how efficient&#8230;<\/p>","protected":false},"author":848,"featured_media":1287,"parent":0,"menu_order":0,"comment_status":"closed","ping_status":"closed","template":"","meta":[],"_links":{"self":[{"href":"https:\/\/www.nerja-homes.com\/de\/wp-json\/wp\/v2\/pages\/1261"}],"collection":[{"href":"https:\/\/www.nerja-homes.com\/de\/wp-json\/wp\/v2\/pages"}],"about":[{"href":"https:\/\/www.nerja-homes.com\/de\/wp-json\/wp\/v2\/types\/page"}],"author":[{"embeddable":true,"href":"https:\/\/www.nerja-homes.com\/de\/wp-json\/wp\/v2\/users\/848"}],"replies":[{"embeddable":true,"href":"https:\/\/www.nerja-homes.com\/de\/wp-json\/wp\/v2\/comments?post=1261"}],"version-history":[{"count":0,"href":"https:\/\/www.nerja-homes.com\/de\/wp-json\/wp\/v2\/pages\/1261\/revisions"}],"wp:featuredmedia":[{"embeddable":true,"href":"https:\/\/www.nerja-homes.com\/de\/wp-json\/wp\/v2\/media\/1287"}],"wp:attachment":[{"href":"https:\/\/www.nerja-homes.com\/de\/wp-json\/wp\/v2\/media?parent=1261"}],"curies":[{"name":"wp","href":"https:\/\/api.w.org\/{rel}","templated":true}]}}