{"id":1216,"date":"2019-01-16T22:06:11","date_gmt":"2019-01-16T20:06:11","guid":{"rendered":"https:\/\/www.nerja-homes.com\/?page_id=1216"},"modified":"2019-01-16T22:11:31","modified_gmt":"2019-01-16T20:11:31","slug":"estate-agency-agreements","status":"publish","type":"page","link":"https:\/\/www.nerja-homes.com\/de\/estate-agency-agreements\/","title":{"rendered":"Immobilienmakler-Vertr\u00e4ge"},"content":{"rendered":"<header>\n<h3 class=\"title\">W\u00e4hlen Sie die richtige Vereinbarung f\u00fcr Sie<\/h3>\n<p class=\"title\">Bei der Auswahl einer Immobilienagentur f\u00fcr den Verkauf Ihrer Immobilie k\u00f6nnen zwei Arten von Vereinbarungen in Betracht gezogen werden: Alleinvertretungsvereinbarung, die als exklusive Auflistung oder allgemeine Agenturvereinbarung bezeichnet wird und im Allgemeinen als allgemeine Auflistung bezeichnet wird.<\/p>\n<h3 class=\"title\">Alleinvertretungsvertrag<\/h3>\n<p class=\"title\">Wenn Sie sich f\u00fcr eine Immobilienagentur entscheiden, haben diese das ausschlie\u00dfliche Recht, Ihre Immobilie zu vermarkten und zu verkaufen. Wenn Sie einen Alleinvertretungsvertrag unterzeichnen, k\u00f6nnen Sie keinen Vertrag mit einer anderen Agentur unterzeichnen.<\/p>\n<p class=\"title\">Die Vorteile der Auflistung Ihrer Immobilie bei einer Einzelagentur: Wenn Sie eine Einzelagenturvereinbarung unterzeichnen, ist Ihre Immobilienagentur motiviert, h\u00e4rter f\u00fcr Sie zu arbeiten und zus\u00e4tzliches Geld f\u00fcr die Werbung Ihrer Immobilie auszugeben. Wenn Sie uns durch die Unterzeichnung eines Alleinvertretungsvertrags f\u00fcr den Verkauf Ihrer Immobilie Ihr Vertrauen schenken, profitieren Sie von der gesamten Bandbreite unserer Verkaufsf\u00f6rderungsaktivit\u00e4ten. Wir heben Ihre Immobilie von allen anderen Objekten ab.<\/p>\n<h3 class=\"title\">Allgemeine Agenturvereinbarung<\/h3>\n<p class=\"title\">Wenn Sie m\u00f6chten, dass mehr als eine Immobilienagentur Ihre Immobilie gleichzeitig vermarktet, unterzeichnen Sie mit jeder Immobilienagentur einen allgemeinen Agenturvertrag. Wenn Sie einen allgemeinen Maklervertrag unterzeichnen, zahlen Sie nur dem Makler, der Ihre Immobilie verkauft, eine Provision.<\/p>\n<\/header>","protected":false},"excerpt":{"rendered":"<p>Choosing the right Agreement for you When choosing a Real Estate Agency to sell your&#8230;<\/p>","protected":false},"author":848,"featured_media":0,"parent":0,"menu_order":0,"comment_status":"closed","ping_status":"closed","template":"","meta":[],"_links":{"self":[{"href":"https:\/\/www.nerja-homes.com\/de\/wp-json\/wp\/v2\/pages\/1216"}],"collection":[{"href":"https:\/\/www.nerja-homes.com\/de\/wp-json\/wp\/v2\/pages"}],"about":[{"href":"https:\/\/www.nerja-homes.com\/de\/wp-json\/wp\/v2\/types\/page"}],"author":[{"embeddable":true,"href":"https:\/\/www.nerja-homes.com\/de\/wp-json\/wp\/v2\/users\/848"}],"replies":[{"embeddable":true,"href":"https:\/\/www.nerja-homes.com\/de\/wp-json\/wp\/v2\/comments?post=1216"}],"version-history":[{"count":0,"href":"https:\/\/www.nerja-homes.com\/de\/wp-json\/wp\/v2\/pages\/1216\/revisions"}],"wp:attachment":[{"href":"https:\/\/www.nerja-homes.com\/de\/wp-json\/wp\/v2\/media?parent=1216"}],"curies":[{"name":"wp","href":"https:\/\/api.w.org\/{rel}","templated":true}]}}